{"id":1049,"date":"2019-01-10T18:38:26","date_gmt":"2019-01-10T17:38:26","guid":{"rendered":"https:\/\/www.figeac-gite-compostelle.fr\/citations-inspirantes-de-pelerins-de-compostelle\/"},"modified":"2026-01-04T17:49:02","modified_gmt":"2026-01-04T16:49:02","slug":"inspirationen","status":"publish","type":"page","link":"https:\/\/www.figeac-gite-compostelle.fr\/de\/inspirationen\/","title":{"rendered":"Inspirationen"},"content":{"rendered":"<p>[et_pb_section fb_built=&#8220;1&#8243; _builder_version=&#8220;4.18.0&#8243; custom_padding=&#8220;0|0px|45px|0px|false|false&#8220; bottom_divider_style=&#8220;curve2&#8243; bottom_divider_color=&#8220;#2f378d&#8220; bottom_divider_height=&#8220;30px&#8220; global_colors_info=&#8220;{}&#8220;][et_pb_row _builder_version=&#8220;4.16&#8243; _module_preset=&#8220;default&#8220; custom_padding=&#8220;19px|||||&#8220; locked=&#8220;off&#8220; global_colors_info=&#8220;{}&#8220;][et_pb_column type=&#8220;4_4&#8243; _builder_version=&#8220;4.16&#8243; _module_preset=&#8220;default&#8220; global_colors_info=&#8220;{}&#8220;][et_pb_post_title _builder_version=&#8220;4.18.0&#8243; _module_preset=&#8220;default&#8220; title_text_color=&#8220;#2f378d&#8220; border_color_all=&#8220;#2f378d&#8220; global_colors_info=&#8220;{}&#8220;][\/et_pb_post_title][\/et_pb_column][\/et_pb_row][et_pb_row column_structure=&#8220;2_5,3_5&#8243; _builder_version=&#8220;4.16&#8243; custom_padding=&#8220;0|0px|35px|0px|false|false&#8220; global_colors_info=&#8220;{}&#8220;][et_pb_column type=&#8220;2_5&#8243; _builder_version=&#8220;4.16&#8243; custom_padding=&#8220;|||&#8220; global_colors_info=&#8220;{}&#8220; custom_padding__hover=&#8220;|||&#8220;][et_pb_text quote_border_weight=&#8220;50px&#8220; quote_border_color=&#8220;#a8c56b&#8220; _builder_version=&#8220;4.24.0&#8243; text_font=&#8220;||||||||&#8220; quote_font=&#8220;Lobster Two|||||on|||&#8220; quote_text_align=&#8220;right&#8220; quote_font_size=&#8220;25px&#8220; quote_line_height=&#8220;1.3em&#8220; header_3_font=&#8220;Lobster||||||||&#8220; global_colors_info=&#8220;{}&#8220;]<\/p>\n<h3><strong>Sammlung von inspirierenden Zitaten &#8211; dank Ihnen und meinen Lekt\u00fcren<\/strong><\/h3>\n<p style=\"text-align: justify;\">Ich mag Zitate. Manche haben Sie mir geschenkt, andere habe ich bei einer Lekt\u00fcre, einer Begegnung aufgest\u00f6bert.<\/p>\n<p style=\"text-align: justify;\">Hier sind einige von ihnen, tiefgr\u00fcndig oder leicht, philosophisch oder seicht, sie inspirieren mich.<\/p>\n<p>[\/et_pb_text][et_pb_text quote_border_weight=&#8220;50px&#8220; quote_border_color=&#8220;#a8c56b&#8220; _builder_version=&#8220;4.16&#8243; text_font=&#8220;||||||||&#8220; quote_font=&#8220;Lobster Two|||||on|||&#8220; quote_text_align=&#8220;right&#8220; quote_font_size=&#8220;25px&#8220; quote_line_height=&#8220;1.3em&#8220; global_colors_info=&#8220;{}&#8220;][\/et_pb_text][\/et_pb_column][et_pb_column type=&#8220;3_5&#8243; _builder_version=&#8220;4.16&#8243; custom_padding=&#8220;|||&#8220; global_colors_info=&#8220;{}&#8220; custom_padding__hover=&#8220;|||&#8220;][et_pb_slider _builder_version=&#8220;4.27.4&#8243; height=&#8220;350px&#8220; custom_padding=&#8220;||229px||false|false&#8220; auto=&#8220;on&#8220; auto_speed=&#8220;4000&#8243; hover_enabled=&#8220;0&#8243; custom_css_slide_description=&#8220;padding-top:25% !important;||padding-bottom:25% !important;&#8220; border_radii=&#8220;on|40px|40px|40px|40px&#8220; global_colors_info=&#8220;{}&#8220; sticky_enabled=&#8220;0&#8243;][et_pb_slide admin_title=&#8220;theophile&#8220; _builder_version=&#8220;4.27.4&#8243; background_image=&#8220;https:\/\/www.figeac-gite-compostelle.fr\/wp-content\/uploads\/2024\/02\/arc-en-ciel-sur-le-chemin-de-compostelle.jpg&#8220; background_enable_image=&#8220;on&#8220; hover_enabled=&#8220;0&#8243; global_colors_info=&#8220;{}&#8220; sticky_transition=&#8220;on&#8220; sticky_enabled=&#8220;0&#8243;][\/et_pb_slide][et_pb_slide admin_title=&#8220;theophile&#8220; _builder_version=&#8220;4.27.4&#8243; background_image=&#8220;https:\/\/www.figeac-gite-compostelle.fr\/wp-content\/uploads\/2020\/11\/coquille-de-saint-jacques-de-compostelle.jpg&#8220; background_enable_image=&#8220;on&#8220; hover_enabled=&#8220;0&#8243; global_colors_info=&#8220;{}&#8220; sticky_transition=&#8220;on&#8220; sticky_enabled=&#8220;0&#8243;][\/et_pb_slide][et_pb_slide admin_title=&#8220;km 0&#8243; _builder_version=&#8220;4.16&#8243; background_image=&#8220;https:\/\/www.figeac-gite-compostelle.fr\/wp-content\/uploads\/2020\/02\/inspirations-gite-du-gua-KM-zero-chemin-compostelle.jpg&#8220; background_enable_image=&#8220;on&#8220; custom_css_slide_container=&#8220;padding-top:40% !important;||padding-bottom:40% !important;&#8220; global_colors_info=&#8220;{}&#8220; sticky_transition=&#8220;on&#8220;][\/et_pb_slide][et_pb_slide admin_title=&#8220;pont&#8220; _builder_version=&#8220;4.16&#8243; background_image=&#8220;https:\/\/www.figeac-gite-compostelle.fr\/wp-content\/uploads\/2020\/02\/inspirations-gite-du-gua-figeac-chemin-compostelle.jpg&#8220; background_enable_image=&#8220;on&#8220; custom_css_slide_container=&#8220;padding-top:40% !important;||padding-bottom:40% !important;&#8220; global_colors_info=&#8220;{}&#8220; sticky_transition=&#8220;on&#8220;][\/et_pb_slide][et_pb_slide admin_title=&#8220;bronze&#8220; _builder_version=&#8220;4.16&#8243; background_image=&#8220;https:\/\/www.figeac-gite-compostelle.fr\/wp-content\/uploads\/2020\/02\/inspirations-gite-gua-figeac-pelerin-compostelle-bronze.jpg&#8220; background_enable_image=&#8220;on&#8220; custom_css_slide_container=&#8220;padding-top:40% !important;||padding-bottom:40% !important;&#8220; global_colors_info=&#8220;{}&#8220; sticky_transition=&#8220;on&#8220;][\/et_pb_slide][\/et_pb_slider][\/et_pb_column][\/et_pb_row][et_pb_row column_structure=&#8220;1_2,1_2&#8243; _builder_version=&#8220;4.18.0&#8243; custom_padding=&#8220;0|0px|0|0px|false|false&#8220; global_colors_info=&#8220;{}&#8220;][et_pb_column type=&#8220;1_2&#8243; _builder_version=&#8220;4.16&#8243; custom_padding=&#8220;|||&#8220; global_colors_info=&#8220;{}&#8220; custom_padding__hover=&#8220;|||&#8220;][et_pb_testimonial author=&#8220;Lao Tse&#8220; quote_icon_color=&#8220;#2f378d&#8220; quote_icon_background_color=&#8220;#FFFFFF&#8220; _builder_version=&#8220;4.24.0&#8243; body_font=&#8220;||on|||on|||&#8220; body_text_align=&#8220;justify&#8220; body_font_size=&#8220;15px&#8220; body_line_height=&#8220;1.4em&#8220; background_color=&#8220;rgba(47,55,141,0.15)&#8220; global_colors_info=&#8220;{}&#8220;]<\/p>\n<p>Es gibt keinen Weg zum Gl\u00fcck,<br \/>das Gl\u00fcck ist der Weg.<\/p>\n<p>[\/et_pb_testimonial][et_pb_testimonial author=&#8220;Julien Green&#8220; quote_icon_color=&#8220;#2f378d&#8220; quote_icon_background_color=&#8220;#FFFFFF&#8220; _builder_version=&#8220;4.18.0&#8243; body_font=&#8220;||on|||on|||&#8220; body_text_align=&#8220;justify&#8220; body_font_size=&#8220;15px&#8220; body_line_height=&#8220;1.4em&#8220; background_color=&#8220;rgba(47,55,141,0.15)&#8220; global_colors_info=&#8220;{}&#8220;]<\/p>\n<p>Mann kannst nicht wachsen, ohne zu k\u00e4mpfen<\/p>\n<p>[\/et_pb_testimonial][et_pb_testimonial quote_icon_color=&#8220;#2f378d&#8220; quote_icon_background_color=&#8220;#FFFFFF&#8220; _builder_version=&#8220;4.16&#8243; body_font=&#8220;||on|||on|||&#8220; body_text_align=&#8220;justify&#8220; body_font_size=&#8220;15px&#8220; body_line_height=&#8220;1.4em&#8220; background_color=&#8220;rgba(47,55,141,0.15)&#8220; global_colors_info=&#8220;{}&#8220;]<\/p>\n<p>\tDie Schw\u00e4che der St\u00e4rke ist es, nur an die St\u00e4rke zu glauben<\/p>\n<p>[\/et_pb_testimonial][et_pb_testimonial author=&#8220;Rabindramath Tagore&#8220; quote_icon_color=&#8220;#2f378d&#8220; quote_icon_background_color=&#8220;#FFFFFF&#8220; _builder_version=&#8220;4.16&#8243; body_font=&#8220;||on|||on|||&#8220; body_text_align=&#8220;justify&#8220; body_font_size=&#8220;15px&#8220; body_line_height=&#8220;1.4em&#8220; background_color=&#8220;rgba(47,55,141,0.15)&#8220; global_colors_info=&#8220;{}&#8220;]<\/p>\n<p>Ich schlief und tr\u00e4umte, das Leben sei Freude.<br \/>Ich erwachte und sah, das Leben war Pflicht.<br \/>Ich handelte, und siehe, die Pflicht war Freude<\/p>\n<p>[\/et_pb_testimonial][et_pb_testimonial author=&#8220;Kreuzgang von Cahors&#8220; quote_icon_color=&#8220;#2f378d&#8220; quote_icon_background_color=&#8220;#FFFFFF&#8220; _builder_version=&#8220;4.16&#8243; body_font=&#8220;||on|||on|||&#8220; body_text_align=&#8220;justify&#8220; body_font_size=&#8220;15px&#8220; body_line_height=&#8220;1.4em&#8220; background_color=&#8220;rgba(47,55,141,0.15)&#8220; global_colors_info=&#8220;{}&#8220;]<\/p>\n<p>Es ist nicht erstaunlicher, zweimal geboren zu werden, als einmal!<\/p>\n<p>[\/et_pb_testimonial][et_pb_testimonial author=&#8220;Text von Goethe, weitergegeben von Laurence&#8220; quote_icon_color=&#8220;#2f378d&#8220; quote_icon_background_color=&#8220;#FFFFFF&#8220; _builder_version=&#8220;4.16&#8243; body_font=&#8220;||on|||on|||&#8220; body_text_align=&#8220;justify&#8220; body_font_size=&#8220;15px&#8220; body_line_height=&#8220;1.4em&#8220; background_color=&#8220;rgba(47,55,141,0.15)&#8220; global_colors_info=&#8220;{}&#8220;]<\/p>\n<p>Bis man wirklich Verantwortung \u00fcbernimmt, herrscht Zweifel, die M\u00f6glichkeit, sich zur\u00fcckzuziehen und immer Ineffizienz.<br \/>Was alle Initiativen und kreativen Handlungen angeht, so gibt es eine elementare Wahrheit, deren Nichtbeachtung unz\u00e4hlige Auswirkungen hat und hervorragende Pl\u00e4ne zum Scheitern verurteilt:<br \/>Von dem Moment an, in dem man sich voll einsetzt, wird auch die Vorsehung in Gang gesetzt.<br \/>Um uns zu helfen, geschehen alle m\u00f6glichen Dinge, die sonst nie passiert w\u00e4ren.<br \/>Eine ganze Reihe von Ereignissen, Situationen und Entscheidungen schafft zu unseren Gunsten alle Arten von unvorhergesehenen Ereignissen, Begegnungen und materieller Hilfe, die wir uns auf unserem Weg nie ertr\u00e4umt h\u00e4tten.<br \/>Was immer du tun kannst oder tun m\u00f6chtest, beginne es.<br \/>K\u00fchnheit beinhaltet in sich Genie, Kraft und Zauber. Aber fange jetzt an!<\/p>\n<p>[\/et_pb_testimonial][et_pb_testimonial author=&#8220;Gandhi&#8220; quote_icon_color=&#8220;#2f378d&#8220; quote_icon_background_color=&#8220;#FFFFFF&#8220; _builder_version=&#8220;4.16&#8243; body_font=&#8220;||on|||on|||&#8220; body_text_align=&#8220;justify&#8220; body_font_size=&#8220;15px&#8220; body_line_height=&#8220;1.4em&#8220; background_color=&#8220;rgba(47,55,141,0.15)&#8220; global_colors_info=&#8220;{}&#8220;]<\/p>\n<p>Du musst die Ver\u00e4nderung sein, die Du in der Welt sehen willst<\/p>\n<p>[\/et_pb_testimonial][et_pb_testimonial author=&#8220;Paul Eluard&#8220; quote_icon_color=&#8220;#2f378d&#8220; quote_icon_background_color=&#8220;#FFFFFF&#8220; _builder_version=&#8220;4.16&#8243; body_font=&#8220;||on|||on|||&#8220; body_text_align=&#8220;justify&#8220; body_font_size=&#8220;15px&#8220; body_line_height=&#8220;1.4em&#8220; background_color=&#8220;rgba(47,55,141,0.15)&#8220; global_colors_info=&#8220;{}&#8220;]<\/p>\n<p>Wir leben in der Verdr\u00e4ngung unserer Metamorphosen<\/p>\n<p>[\/et_pb_testimonial][et_pb_testimonial quote_icon_color=&#8220;#2f378d&#8220; quote_icon_background_color=&#8220;#FFFFFF&#8220; _builder_version=&#8220;4.16&#8243; body_font=&#8220;||on|||on|||&#8220; body_text_align=&#8220;justify&#8220; body_font_size=&#8220;15px&#8220; body_line_height=&#8220;1.4em&#8220; background_color=&#8220;rgba(47,55,141,0.15)&#8220; global_colors_info=&#8220;{}&#8220;]<\/p>\n<p>Was ich \u00fcber den anderen wei\u00df, hindert mich daran, ihn zu kennen<\/p>\n<p>[\/et_pb_testimonial][\/et_pb_column][et_pb_column type=&#8220;1_2&#8243; _builder_version=&#8220;4.16&#8243; custom_padding=&#8220;|||&#8220; global_colors_info=&#8220;{}&#8220; custom_padding__hover=&#8220;|||&#8220;][et_pb_testimonial author=&#8220;JP Sarthre&#8220; quote_icon_color=&#8220;#2f378d&#8220; quote_icon_background_color=&#8220;#FFFFFF&#8220; _builder_version=&#8220;4.24.0&#8243; body_font=&#8220;||on|||on|||&#8220; body_text_align=&#8220;justify&#8220; body_font_size=&#8220;15px&#8220; body_line_height=&#8220;1.4em&#8220; background_color=&#8220;rgba(47,55,141,0.15)&#8220; global_colors_info=&#8220;{}&#8220;]<\/p>\n<p>Es spielt keine Rolle, was man aus uns gemacht hat, was z\u00e4hlt, ist, was wir aus dem machen, was man aus uns gemacht hat.<\/p>\n<p>[\/et_pb_testimonial][et_pb_testimonial author=&#8220;JF Kennedy&#8220; job_title=&#8220;Zur Verf\u00fcgung gestellt von Seb W&#8220; quote_icon_color=&#8220;#2f378d&#8220; quote_icon_background_color=&#8220;#FFFFFF&#8220; _builder_version=&#8220;4.24.0&#8243; body_font=&#8220;||on|||on|||&#8220; body_text_align=&#8220;justify&#8220; body_font_size=&#8220;15px&#8220; body_line_height=&#8220;1.4em&#8220; background_color=&#8220;rgba(47,55,141,0.15)&#8220; global_colors_info=&#8220;{}&#8220;]<\/p>\n<p>Es ist nicht so wichtig, viele Jahre in seinem Leben zu haben,<br \/>Sondern viele Jahre in diesen Jahren zu leben.<\/p>\n<p>[\/et_pb_testimonial][et_pb_testimonial author=&#8220;Ma copine Martine&#8220; quote_icon_color=&#8220;#2f378d&#8220; quote_icon_background_color=&#8220;#FFFFFF&#8220; _builder_version=&#8220;4.16&#8243; body_font=&#8220;||on|||on|||&#8220; body_text_align=&#8220;justify&#8220; body_font_size=&#8220;15px&#8220; body_line_height=&#8220;1.4em&#8220; background_color=&#8220;rgba(47,55,141,0.15)&#8220; global_colors_info=&#8220;{}&#8220;]<\/p>\n<p>Das Leben ist in der L\u00e4nge, aber nicht in der Breite begrenzt<\/p>\n<p>[\/et_pb_testimonial][et_pb_testimonial quote_icon_color=&#8220;#2f378d&#8220; quote_icon_background_color=&#8220;#FFFFFF&#8220; _builder_version=&#8220;4.16&#8243; body_font=&#8220;||on|||on|||&#8220; body_text_align=&#8220;justify&#8220; body_font_size=&#8220;15px&#8220; body_line_height=&#8220;1.4em&#8220; background_color=&#8220;rgba(47,55,141,0.15)&#8220; global_colors_info=&#8220;{}&#8220;]<\/p>\n<p>Utopie ist das, was noch nicht versucht wurde<\/p>\n<p>[\/et_pb_testimonial][et_pb_testimonial author=&#8220;H\u00f6lderlin&#8220; quote_icon_color=&#8220;#2f378d&#8220; quote_icon_background_color=&#8220;#FFFFFF&#8220; _builder_version=&#8220;4.16&#8243; body_font=&#8220;||on|||on|||&#8220; body_text_align=&#8220;justify&#8220; body_font_size=&#8220;15px&#8220; body_line_height=&#8220;1.4em&#8220; background_color=&#8220;rgba(47,55,141,0.15)&#8220; global_colors_info=&#8220;{}&#8220;]<\/p>\n<p>Wo aber Gefahr ist, w\u00e4chst das Rettende auch.<\/p>\n<p>[\/et_pb_testimonial][et_pb_testimonial author=&#8220;Henri Vincenot&#8220; quote_icon_color=&#8220;#2f378d&#8220; quote_icon_background_color=&#8220;#FFFFFF&#8220; _builder_version=&#8220;4.16&#8243; body_font=&#8220;||on|||on|||&#8220; body_text_align=&#8220;justify&#8220; body_font_size=&#8220;15px&#8220; body_line_height=&#8220;1.4em&#8220; background_color=&#8220;rgba(47,55,141,0.15)&#8220; global_colors_info=&#8220;{}&#8220;]<\/p>\n<p>Man kann den Menschen, der geht, nicht unterwerfen<\/p>\n<p>[\/et_pb_testimonial][et_pb_testimonial quote_icon_color=&#8220;#2f378d&#8220; quote_icon_background_color=&#8220;#FFFFFF&#8220; _builder_version=&#8220;4.16&#8243; body_font=&#8220;||on|||on|||&#8220; body_text_align=&#8220;justify&#8220; body_font_size=&#8220;15px&#8220; body_line_height=&#8220;1.4em&#8220; background_color=&#8220;rgba(47,55,141,0.15)&#8220; global_colors_info=&#8220;{}&#8220;]<\/p>\n<p>Es gibt keinen guten Wind f\u00fcr denjenigen, der nicht wei\u00df, wohin sein Weg geht<\/p>\n<p>[\/et_pb_testimonial][et_pb_testimonial author=&#8220;S\u00e9n\u00e8que&#8220; quote_icon_color=&#8220;#2f378d&#8220; quote_icon_background_color=&#8220;#FFFFFF&#8220; _builder_version=&#8220;4.16&#8243; body_font=&#8220;||on|||on|||&#8220; body_text_align=&#8220;justify&#8220; body_font_size=&#8220;15px&#8220; body_line_height=&#8220;1.4em&#8220; background_color=&#8220;rgba(47,55,141,0.15)&#8220; global_colors_info=&#8220;{}&#8220;]<\/p>\n<p>Wir wagen es nicht, weil es schwer ist,<br \/> sondern weil wir es nicht wagen, ist es schwer.<\/p>\n<p>[\/et_pb_testimonial][et_pb_testimonial author=&#8220;Chinesisches Sprichwort, weitergegeben von Marie-Jos\u00e9&#8220; quote_icon_color=&#8220;#2f378d&#8220; quote_icon_background_color=&#8220;#FFFFFF&#8220; _builder_version=&#8220;4.16&#8243; body_font=&#8220;||on|||on|||&#8220; body_text_align=&#8220;justify&#8220; body_font_size=&#8220;15px&#8220; body_line_height=&#8220;1.4em&#8220; background_color=&#8220;rgba(47,55,141,0.15)&#8220; global_colors_info=&#8220;{}&#8220;]<\/p>\n<p>Wenn der Wind des Wandels weht, bauen die einen Mauern und die anderen Windm\u00fchlen<\/p>\n<p>[\/et_pb_testimonial][et_pb_testimonial author=&#8220;Weitergegeben von Jean-Marc&#8220; quote_icon_color=&#8220;#2f378d&#8220; quote_icon_background_color=&#8220;#FFFFFF&#8220; _builder_version=&#8220;4.16&#8243; body_font=&#8220;||on|||on|||&#8220; body_text_align=&#8220;justify&#8220; body_font_size=&#8220;15px&#8220; body_line_height=&#8220;1.4em&#8220; background_color=&#8220;rgba(47,55,141,0.15)&#8220; global_colors_info=&#8220;{}&#8220;]<\/p>\n<p>Man hat nicht zweimal die Chance, einen guten ersten Eindruck zu hinterlassen<\/p>\n<p>[\/et_pb_testimonial][et_pb_testimonial author=&#8220;Lao Tzu&#8220; quote_icon_color=&#8220;#2f378d&#8220; quote_icon_background_color=&#8220;#FFFFFF&#8220; _builder_version=&#8220;4.16&#8243; body_font=&#8220;||on|||on|||&#8220; body_text_align=&#8220;justify&#8220; body_font_size=&#8220;15px&#8220; body_line_height=&#8220;1.4em&#8220; background_color=&#8220;rgba(47,55,141,0.15)&#8220; global_colors_info=&#8220;{}&#8220;]<\/p>\n<p>Jede Reise von 1000 Meilen beginnt mit dem ersten Schritt<\/p>\n<p>[\/et_pb_testimonial][et_pb_testimonial author=&#8220;Ren\u00e9 Char&#8220; quote_icon_color=&#8220;#2f378d&#8220; quote_icon_background_color=&#8220;#FFFFFF&#8220; _builder_version=&#8220;4.16&#8243; body_font=&#8220;||on|||on|||&#8220; body_text_align=&#8220;justify&#8220; body_font_size=&#8220;15px&#8220; body_line_height=&#8220;1.4em&#8220; background_color=&#8220;rgba(47,55,141,0.15)&#8220; global_colors_info=&#8220;{}&#8220;]<\/p>\n<p>Zwinge dein Gl\u00fcck,<br \/>Diene deiner Freude,<br \/>Und geh dein Wagnis ein,<br \/>Wenn Sie dich sehen, werden sich daran gew\u00f6hnen<\/p>\n<p>[\/et_pb_testimonial][\/et_pb_column][\/et_pb_row][\/et_pb_section]<\/p>\n","protected":false},"excerpt":{"rendered":"<p>Sammlung von inspirierenden Zitaten &#8211; dank Ihnen und meinen Lekt\u00fcren Ich mag Zitate. Manche haben Sie mir geschenkt, andere habe ich bei einer Lekt\u00fcre, einer Begegnung aufgest\u00f6bert. Hier sind einige von ihnen, tiefgr\u00fcndig oder leicht, philosophisch oder seicht, sie inspirieren mich.Es gibt keinen Weg zum Gl\u00fcck,das Gl\u00fcck ist der Weg.Mann kannst nicht wachsen, ohne zu [&hellip;]<\/p>\n","protected":false},"author":16,"featured_media":0,"parent":0,"menu_order":0,"comment_status":"closed","ping_status":"closed","template":"","meta":{"_et_pb_use_builder":"on","_et_pb_old_content":"","_et_gb_content_width":"","footnotes":""},"class_list":["post-1049","page","type-page","status-publish","hentry"],"jetpack_sharing_enabled":true,"_links":{"self":[{"href":"https:\/\/www.figeac-gite-compostelle.fr\/de\/wp-json\/wp\/v2\/pages\/1049","targetHints":{"allow":["GET"]}}],"collection":[{"href":"https:\/\/www.figeac-gite-compostelle.fr\/de\/wp-json\/wp\/v2\/pages"}],"about":[{"href":"https:\/\/www.figeac-gite-compostelle.fr\/de\/wp-json\/wp\/v2\/types\/page"}],"author":[{"embeddable":true,"href":"https:\/\/www.figeac-gite-compostelle.fr\/de\/wp-json\/wp\/v2\/users\/16"}],"replies":[{"embeddable":true,"href":"https:\/\/www.figeac-gite-compostelle.fr\/de\/wp-json\/wp\/v2\/comments?post=1049"}],"version-history":[{"count":1,"href":"https:\/\/www.figeac-gite-compostelle.fr\/de\/wp-json\/wp\/v2\/pages\/1049\/revisions"}],"predecessor-version":[{"id":5197,"href":"https:\/\/www.figeac-gite-compostelle.fr\/de\/wp-json\/wp\/v2\/pages\/1049\/revisions\/5197"}],"wp:attachment":[{"href":"https:\/\/www.figeac-gite-compostelle.fr\/de\/wp-json\/wp\/v2\/media?parent=1049"}],"curies":[{"name":"wp","href":"https:\/\/api.w.org\/{rel}","templated":true}]}}