{"id":1056,"date":"2019-01-10T10:17:57","date_gmt":"2019-01-10T09:17:57","guid":{"rendered":"https:\/\/www.figeac-gite-compostelle.fr\/acces-au-gite-du-gua-de-figeac\/"},"modified":"2026-01-24T22:57:45","modified_gmt":"2026-01-24T21:57:45","slug":"so-gelangen-sie-zum-gite-du-gua","status":"publish","type":"page","link":"https:\/\/www.figeac-gite-compostelle.fr\/de\/so-gelangen-sie-zum-gite-du-gua\/","title":{"rendered":"So gelangen Sie zum G\u00eete du Gu\u00e2"},"content":{"rendered":"<p>[et_pb_section fb_built=&#8220;1&#8243; _builder_version=&#8220;4.18.0&#8243; custom_padding=&#8220;0|0px|46px|0px|false|false&#8220; bottom_divider_style=&#8220;curve2&#8243; bottom_divider_color=&#8220;#2f378d&#8220; bottom_divider_height=&#8220;30px&#8220; global_colors_info=&#8220;{}&#8220;][et_pb_row _builder_version=&#8220;4.16&#8243; _module_preset=&#8220;default&#8220; locked=&#8220;off&#8220; global_colors_info=&#8220;{}&#8220;][et_pb_column type=&#8220;4_4&#8243; _builder_version=&#8220;4.16&#8243; _module_preset=&#8220;default&#8220; global_colors_info=&#8220;{}&#8220;][et_pb_post_title _builder_version=&#8220;4.18.0&#8243; _module_preset=&#8220;default&#8220; title_text_color=&#8220;#2f378d&#8220; border_color_all=&#8220;#2f378d&#8220; global_colors_info=&#8220;{}&#8220;][\/et_pb_post_title][\/et_pb_column][\/et_pb_row][et_pb_row _builder_version=&#8220;4.16&#8243; custom_padding=&#8220;0|0px|0|0px|false|false&#8220; global_colors_info=&#8220;{}&#8220;][et_pb_column type=&#8220;4_4&#8243; _builder_version=&#8220;4.16&#8243; custom_padding=&#8220;|||&#8220; global_colors_info=&#8220;{}&#8220; custom_padding__hover=&#8220;|||&#8220;][et_pb_slider _builder_version=&#8220;4.16&#8243; height=&#8220;300px&#8220; custom_padding=&#8220;0px||0px||true|false&#8220; custom_css_slide_description=&#8220;padding-top:30% !important;||padding-bottom:30% !important;&#8220; border_radii=&#8220;on|40px|40px|40px|40px&#8220; global_colors_info=&#8220;{}&#8220;][et_pb_slide _builder_version=&#8220;4.16&#8243; background_image=&#8220;https:\/\/www.figeac-gite-compostelle.fr\/wp-content\/uploads\/2019\/01\/Sur-le-Chemin-de-Compostelle-2-1.jpg&#8220; custom_css_slide_title=&#8220;padding-top:20% !important;||padding-bottom:20% !important;&#8220; global_colors_info=&#8220;{}&#8220; sticky_transition=&#8220;on&#8220;][\/et_pb_slide][\/et_pb_slider][\/et_pb_column][\/et_pb_row][et_pb_row _builder_version=&#8220;4.16&#8243; global_colors_info=&#8220;{}&#8220;][et_pb_column type=&#8220;4_4&#8243; _builder_version=&#8220;4.16&#8243; custom_padding=&#8220;|||&#8220; global_colors_info=&#8220;{}&#8220; custom_padding__hover=&#8220;|||&#8220;][et_pb_text _builder_version=&#8220;4.16&#8243; header_3_font=&#8220;Lobster||||||||&#8220; global_colors_info=&#8220;{}&#8220;]<\/p>\n<h3 style=\"text-align: center;\">Der G\u00eete du Gu\u00e2 befindet sich in der Avenue du Mar\u00e9chal Joffre Nr. 14 bis in Figeac<\/h3>\n<p>[\/et_pb_text][\/et_pb_column][\/et_pb_row][et_pb_row column_structure=&#8220;3_5,2_5&#8243; _builder_version=&#8220;4.16&#8243; custom_padding=&#8220;16.8px|0px|0|0px|false|false&#8220; global_colors_info=&#8220;{}&#8220;][et_pb_column type=&#8220;3_5&#8243; _builder_version=&#8220;4.16&#8243; custom_padding=&#8220;|||&#8220; global_colors_info=&#8220;{}&#8220; custom_padding__hover=&#8220;|||&#8220;][et_pb_text quote_border_weight=&#8220;50px&#8220; quote_border_color=&#8220;#a8c56b&#8220; _builder_version=&#8220;4.18.0&#8243; text_font=&#8220;||||||||&#8220; quote_font=&#8220;Lobster Two|||||on|||&#8220; quote_text_align=&#8220;right&#8220; quote_font_size=&#8220;25px&#8220; quote_line_height=&#8220;1.3em&#8220; header_3_font=&#8220;Lobster||||||||&#8220; global_colors_info=&#8220;{}&#8220;]<\/p>\n<h3><strong>Folgen Sie dem Fernwanderweg, so kommen Sie garantiert an!<\/strong><\/h3>\n<p style=\"text-align: right;\"><a href=\"https:\/\/goo.gl\/maps\/aWjh355t6g7it2zo6\" target=\"_blank\" rel=\"noopener noreferrer\"><strong>J25G+6G Figeac<\/strong><\/a><\/p>\n<p style=\"text-align: justify;\">Zu Fu\u00df entlang dem GR65 erreichen Sie Figeac \u00fcber den Plan d\u2019eau du Surgi\u00e9.<\/p>\n<p style=\"text-align: justify;\">Wenn Sie sich am Ortseingang von Figeac befinden, haben Sie noch einen guten Kilometer vor sich. Das G\u00e4stehaus liegt im Stadtzentrum.<\/p>\n<p style=\"text-align: justify;\">Bleiben Sie immer auf dem Weg, der wei\u00df und rot markiert ist, Sie befinden sich auf den All\u00e9es Victor Hugo.<\/p>\n<p style=\"text-align: justify;\">Weiter dem GR folgend, \u00fcberqueren Sie dann den Pont Gambetta. Am Fu\u00dfe der Br\u00fccke, nachdem Sie den Fluss \u00fcberquert haben, biegen Sie links ab. Gehen Sie weiter geradeaus, bis Sie das Haus erreichen (ca. 400 m von der Br\u00fccke entfernt).<\/p>\n<p style=\"text-align: justify;\"><strong>Mit dem Zug<\/strong> &#8211; Der Bahnhof Figeac ist eine Viertelstunde zu Fu\u00df von der Herberge entfernt.<\/p>\n<p><strong>Mit dem Auto<\/strong> &#8211; In der Stadt gibt es mehrere kostenlose Parkpl\u00e4tze.<\/p>\n<p>Wir empfehlen Ihnen den Parkplatz von Les Carmes (Verwaltungsstadt), dieser befindet sich 500 Meter vom Haus entfernt, dort parken auch die Gendarmen.<\/p>\n<p>[\/et_pb_text][et_pb_code _builder_version=&#8220;4.24.0&#8243; _module_preset=&#8220;default&#8220; global_colors_info=&#8220;{}&#8220;]<iframe src=\"https:\/\/www.google.com\/maps\/embed?pb=!1m18!1m12!1m3!1d2840.459460096746!2d2.0263635999999994!3d44.608080099999995!2m3!1f0!2f0!3f0!3m2!1i1024!2i768!4f13.1!3m3!1m2!1s0x12ad172ab966e0a7%3A0x26382e5bb260a452!2sLe%20g%C3%AEte%20d&#39;%C3%A9tape%20du%20Gua!5e0!3m2!1sfr!2sfr!4v1707169394157!5m2!1sfr!2sfr\" width=\"600\" height=\"450\" style=\"border:0;\" allowfullscreen=\"\" loading=\"lazy\" referrerpolicy=\"no-referrer-when-downgrade\"><\/iframe>[\/et_pb_code][et_pb_text quote_border_weight=&#8220;50px&#8220; quote_border_color=&#8220;#a8c56b&#8220; _builder_version=&#8220;4.19.4&#8243; text_font=&#8220;||||||||&#8220; text_text_color=&#8220;#222222&#8243; quote_font=&#8220;Lobster Two|||||on|||&#8220; quote_text_align=&#8220;right&#8220; quote_font_size=&#8220;25px&#8220; quote_line_height=&#8220;1.3em&#8220; header_font=&#8220;Lobster||||||||&#8220; header_3_font=&#8220;Lobster||||||||&#8220; header_3_text_color=&#8220;#a8c56b&#8220; max_width=&#8220;25%&#8220; module_alignment=&#8220;center&#8220; custom_margin=&#8220;26px||14px||false|false&#8220; custom_padding=&#8220;||19px||false|false&#8220; border_width_top=&#8220;3px&#8220; border_color_top=&#8220;#2f378d&#8220; border_style_top=&#8220;dashed&#8220; saved_tabs=&#8220;all&#8220; locked=&#8220;off&#8220; global_colors_info=&#8220;{}&#8220;][\/et_pb_text][et_pb_text quote_border_weight=&#8220;50px&#8220; quote_border_color=&#8220;#a8c56b&#8220; _builder_version=&#8220;4.18.0&#8243; text_font=&#8220;||||||||&#8220; quote_font=&#8220;Lobster Two|||||on|||&#8220; quote_text_align=&#8220;right&#8220; quote_font_size=&#8220;25px&#8220; quote_line_height=&#8220;1.3em&#8220; header_3_font=&#8220;Lobster||||||||&#8220; global_colors_info=&#8220;{}&#8220;]<\/p>\n<h3><strong>Fortsetzung der Route<\/strong><\/h3>\n<p style=\"text-align: justify;\">Am n\u00e4chsten Tag sind Sie bereits am Jakobsweg.<\/p>\n<p>Es geht weiter \u00fcber eine Fu\u00dfg\u00e4ngerbr\u00fccke, die sich in 200m Entfernung, also vor dem Pont Gambetta befindet.<\/p>\n<p>[\/et_pb_text][\/et_pb_column][et_pb_column type=&#8220;2_5&#8243; _builder_version=&#8220;4.16&#8243; custom_padding=&#8220;|||&#8220; global_colors_info=&#8220;{}&#8220; custom_padding__hover=&#8220;|||&#8220;][et_pb_slider _builder_version=&#8220;4.16&#8243; custom_css_slide_description=&#8220;padding-top:150% !important;||padding-bottom:150% !important;&#8220; border_radii=&#8220;on|40px|40px|40px|40px&#8220; global_colors_info=&#8220;{}&#8220;][et_pb_slide _builder_version=&#8220;4.16&#8243; background_image=&#8220;https:\/\/www.figeac-gite-compostelle.fr\/wp-content\/uploads\/2020\/11\/acces-gite-gua-figeac.jpg&#8220; background_enable_image=&#8220;on&#8220; global_colors_info=&#8220;{}&#8220; sticky_transition=&#8220;on&#8220;][\/et_pb_slide][et_pb_slide _builder_version=&#8220;4.16&#8243; background_image=&#8220;https:\/\/www.figeac-gite-compostelle.fr\/wp-content\/uploads\/2019\/01\/Sur-le-Chemin-de-Compostelle.jpg&#8220; global_colors_info=&#8220;{}&#8220; sticky_transition=&#8220;on&#8220;][\/et_pb_slide][\/et_pb_slider][\/et_pb_column][\/et_pb_row][\/et_pb_section][et_pb_section fb_built=&#8220;1&#8243; _builder_version=&#8220;4.24.0&#8243; background_color=&#8220;rgba(47,55,141,0.15)&#8220; custom_padding=&#8220;0|0px|0|0px|false|false&#8220; top_divider_style=&#8220;arrow2&#8243; top_divider_color=&#8220;#2f378d&#8220; top_divider_height=&#8220;50px&#8220; bottom_divider_style=&#8220;curve2&#8243; bottom_divider_color=&#8220;#2f378d&#8220; bottom_divider_height=&#8220;30px&#8220; locked=&#8220;off&#8220; global_colors_info=&#8220;{}&#8220;][et_pb_row module_class=&#8220;resize et_pb_row_fullwidth&#8220; _builder_version=&#8220;4.16&#8243; width=&#8220;60%&#8220; width_tablet=&#8220;80%&#8220; width_phone=&#8220;&#8220; width_last_edited=&#8220;on|desktop&#8220; max_width=&#8220;89%&#8220; max_width_tablet=&#8220;80%&#8220; max_width_phone=&#8220;&#8220; max_width_last_edited=&#8220;on|tablet&#8220; custom_padding=&#8220;79px|0px|27px|0px|false|false&#8220; make_fullwidth=&#8220;on&#8220; global_colors_info=&#8220;{}&#8220;][et_pb_column type=&#8220;4_4&#8243; _builder_version=&#8220;4.16&#8243; custom_padding=&#8220;|||&#8220; global_colors_info=&#8220;{}&#8220; custom_padding__hover=&#8220;|||&#8220;][et_pb_text _builder_version=&#8220;4.24.0&#8243; _module_preset=&#8220;default&#8220; header_2_font=&#8220;||||||||&#8220; header_2_text_align=&#8220;center&#8220; custom_padding=&#8220;||31px|||&#8220; global_colors_info=&#8220;{}&#8220;]<\/p>\n<h2><strong>Wichtige Informationen<\/strong><\/h2>\n<p>Pour votre confort, Nous vous conseillons de vous munir d&#8217;un sac de couchage (et non d&#8217;un sac \u00e0 viande, hors juillet et ao\u00fbt).<\/p>\n<p>Dans le cadre de la <strong>pr\u00e9vention contre les punaises de lit<\/strong>, les bagages transport\u00e9s par voiture personnelle ou soci\u00e9t\u00e9 de services ainsi que les sacs \u00e0 dos <strong>restent dans un local pr\u00e9vu \u00e0 cet effet, rien dans les chambres<\/strong>. Des bo\u00eetes adapt\u00e9es vous sont propos\u00e9es pour amener dans votre chambre toutes les affaires qui vous sont n\u00e9cessaires.<\/p>\n<p><strong>Pour les bagages \u00ab hors dos \u00bb<\/strong>, nous vous remercions de prendre soin d&#8217;avoir <strong>un seul bagage par personne de la taille maximum d\u2019une valise de taille cabine d\u2019avion et pour un poids maximum de 10kg.<\/strong><\/p>\n<p>[\/et_pb_text][\/et_pb_column][\/et_pb_row][\/et_pb_section]<\/p>\n","protected":false},"excerpt":{"rendered":"<p>Der G\u00eete du Gu\u00e2 befindet sich in der Avenue du Mar\u00e9chal Joffre Nr. 14 bis in FigeacFolgen Sie dem Fernwanderweg, so kommen Sie garantiert an! J25G+6G Figeac Zu Fu\u00df entlang dem GR65 erreichen Sie Figeac \u00fcber den Plan d\u2019eau du Surgi\u00e9. Wenn Sie sich am Ortseingang von Figeac befinden, haben Sie noch einen guten Kilometer [&hellip;]<\/p>\n","protected":false},"author":16,"featured_media":0,"parent":0,"menu_order":0,"comment_status":"closed","ping_status":"closed","template":"","meta":{"_et_pb_use_builder":"on","_et_pb_old_content":"","_et_gb_content_width":"","footnotes":""},"class_list":["post-1056","page","type-page","status-publish","hentry"],"jetpack_sharing_enabled":true,"_links":{"self":[{"href":"https:\/\/www.figeac-gite-compostelle.fr\/de\/wp-json\/wp\/v2\/pages\/1056","targetHints":{"allow":["GET"]}}],"collection":[{"href":"https:\/\/www.figeac-gite-compostelle.fr\/de\/wp-json\/wp\/v2\/pages"}],"about":[{"href":"https:\/\/www.figeac-gite-compostelle.fr\/de\/wp-json\/wp\/v2\/types\/page"}],"author":[{"embeddable":true,"href":"https:\/\/www.figeac-gite-compostelle.fr\/de\/wp-json\/wp\/v2\/users\/16"}],"replies":[{"embeddable":true,"href":"https:\/\/www.figeac-gite-compostelle.fr\/de\/wp-json\/wp\/v2\/comments?post=1056"}],"version-history":[{"count":1,"href":"https:\/\/www.figeac-gite-compostelle.fr\/de\/wp-json\/wp\/v2\/pages\/1056\/revisions"}],"predecessor-version":[{"id":5250,"href":"https:\/\/www.figeac-gite-compostelle.fr\/de\/wp-json\/wp\/v2\/pages\/1056\/revisions\/5250"}],"wp:attachment":[{"href":"https:\/\/www.figeac-gite-compostelle.fr\/de\/wp-json\/wp\/v2\/media?parent=1056"}],"curies":[{"name":"wp","href":"https:\/\/api.w.org\/{rel}","templated":true}]}}