{"id":1098,"date":"2019-01-10T14:57:16","date_gmt":"2019-01-10T13:57:16","guid":{"rendered":"https:\/\/www.figeac-gite-compostelle.fr\/tarifs-du-gite-du-gua\/"},"modified":"2026-01-05T23:27:55","modified_gmt":"2026-01-05T22:27:55","slug":"preise","status":"publish","type":"page","link":"https:\/\/www.figeac-gite-compostelle.fr\/de\/preise\/","title":{"rendered":"Preise des G\u00eete du Gu\u00e2"},"content":{"rendered":"<p>[et_pb_section fb_built=&#8220;1&#8243; _builder_version=&#8220;4.19.4&#8243; custom_padding=&#8220;0px|0px|20px|0px|false|false&#8220; locked=&#8220;off&#8220; collapsed=&#8220;off&#8220; global_colors_info=&#8220;{}&#8220;][et_pb_row column_structure=&#8220;3_5,2_5&#8243; use_custom_gutter=&#8220;on&#8220; gutter_width=&#8220;2&#8243; disabled_on=&#8220;off|off|off&#8220; _builder_version=&#8220;4.19.4&#8243; _module_preset=&#8220;default&#8220; width=&#8220;100%&#8220; max_width=&#8220;100%&#8220; custom_margin=&#8220;||0px||false|true&#8220; custom_padding=&#8220;||0px|||&#8220; global_colors_info=&#8220;{}&#8220;][et_pb_column type=&#8220;3_5&#8243; disabled_on=&#8220;off|off|off&#8220; _builder_version=&#8220;4.19.4&#8243; _module_preset=&#8220;default&#8220; background_enable_image=&#8220;off&#8220; custom_padding=&#8220;|20px||20px|false|true&#8220; global_colors_info=&#8220;{}&#8220;][et_pb_post_title _builder_version=&#8220;4.19.4&#8243; _module_preset=&#8220;default&#8220; title_text_color=&#8220;#2f378d&#8220; custom_margin=&#8220;||||false|false&#8220; custom_margin_tablet=&#8220;||||false|false&#8220; custom_margin_phone=&#8220;||||false|false&#8220; custom_margin_last_edited=&#8220;on|phone&#8220; custom_padding_tablet=&#8220;10px||5px||false|false&#8220; custom_padding_phone=&#8220;10px||5px||false|false&#8220; custom_padding_last_edited=&#8220;on|tablet&#8220; title_font_size_tablet=&#8220;25px&#8220; title_font_size_phone=&#8220;20px&#8220; title_font_size_last_edited=&#8220;on|phone&#8220; border_color_all=&#8220;#2f378d&#8220; global_colors_info=&#8220;{}&#8220;][\/et_pb_post_title][et_pb_text ul_item_indent=&#8220;30px&#8220; _builder_version=&#8220;4.24.0&#8243; ul_text_align=&#8220;left&#8220; header_font=&#8220;Lobster||||||||&#8220; header_2_font=&#8220;Lobster||||||||&#8220; header_2_text_align=&#8220;justify&#8220; header_3_text_align=&#8220;justify&#8220; text_orientation=&#8220;justified&#8220; custom_margin=&#8220;||21px||false|false&#8220; custom_margin_tablet=&#8220;||21px||false|false&#8220; custom_margin_phone=&#8220;||||false|true&#8220; custom_margin_last_edited=&#8220;on|phone&#8220; custom_padding=&#8220;20px|20px|20px|20px|true|true&#8220; custom_padding_tablet=&#8220;20px|20px|20px|20px|true|true&#8220; custom_padding_phone=&#8220;20px|20px|20px|20px|true|true&#8220; custom_padding_last_edited=&#8220;on|phone&#8220; header_2_font_size_tablet=&#8220;25px&#8220; header_2_font_size_phone=&#8220;18px&#8220; header_2_font_size_last_edited=&#8220;on|phone&#8220; header_3_font_size_tablet=&#8220;20px&#8220; header_3_font_size_phone=&#8220;18px&#8220; header_3_font_size_last_edited=&#8220;on|phone&#8220; text_orientation_tablet=&#8220;justified&#8220; text_orientation_phone=&#8220;left&#8220; text_orientation_last_edited=&#8220;on|phone&#8220; border_radii=&#8220;on|20px|20px|20px|20px&#8220; border_width_all=&#8220;1px&#8220; border_color_all=&#8220;#2f378d&#8220; box_shadow_style=&#8220;preset1&#8243; global_colors_info=&#8220;{}&#8220;]<\/p>\n<h2>15 Schlafpl\u00e4tze verteilt auf 4 Zimmer<\/h2>\n<h3>Gemeinsames Bad &amp; Toilette auf jeder Etage<\/h3>\n<p><a href=\"\/\" title=\"r\u00e9server une chambre\">Um zu buchen<\/a> k\u00f6nnen Sie mich anrufen oder mir eine <a href=\"mailto:gitedugua.figeac@gmail.com\" target=\"_blank\" rel=\"noopener noreferrer\" title=\"R\u00e9server une chambre\">E-Mail<\/a> schicken<br \/><strong><\/strong><\/p>\n<p>Da die Umweltqualit\u00e4t f\u00fcr das Haus von entscheidender Bedeutung ist, sind die W\u00e4nde der Zimmer mit Bio-Farben gestrichen, die keine Ausd\u00fcnstungen verursachen, und die Elektrizit\u00e4t wird mit Energiesparlampen erzeugt.<\/p>\n<p>[\/et_pb_text][\/et_pb_column][et_pb_column type=&#8220;2_5&#8243; disabled_on=&#8220;off|off|off&#8220; _builder_version=&#8220;4.19.4&#8243; _module_preset=&#8220;default&#8220; background_enable_image=&#8220;off&#8220; global_colors_info=&#8220;{}&#8220;][et_pb_image src=&#8220;https:\/\/www.figeac-gite-compostelle.fr\/wp-content\/uploads\/2024\/02\/chambre-3-lits.jpg&#8220; alt=&#8220;Tarifs du g\u00eete du Gu\u00e2 sur le chemin de compostelle&#8220; _builder_version=&#8220;4.24.0&#8243; _module_preset=&#8220;default&#8220; global_colors_info=&#8220;{}&#8220;][\/et_pb_image][\/et_pb_column][\/et_pb_row][\/et_pb_section][et_pb_section fb_built=&#8220;1&#8243; _builder_version=&#8220;4.18.0&#8243; custom_padding=&#8220;0|0px|0|0px|false|false&#8220; bottom_divider_style=&#8220;curve2&#8243; bottom_divider_color=&#8220;#2f378d&#8220; bottom_divider_height=&#8220;30px&#8220; global_colors_info=&#8220;{}&#8220;][et_pb_row make_equal=&#8220;on&#8220; _builder_version=&#8220;4.16&#8243; width=&#8220;90%&#8220; max_width=&#8220;100%&#8220; custom_padding=&#8220;20px|0px|16.8px|0px|false|false&#8220; global_colors_info=&#8220;{}&#8220;][et_pb_column type=&#8220;4_4&#8243; _builder_version=&#8220;4.16&#8243; custom_padding=&#8220;|||&#8220; global_colors_info=&#8220;{}&#8220; custom_padding__hover=&#8220;|||&#8220;][et_pb_pricing_tables header_background_color=&#8220;rgba(47,55,141,0.15)&#8220; featured_table_bullet_color=&#8220;#2f378d&#8220; bullet_color=&#8220;rgba(47,55,141,0.15)&#8220; featured_table_price_color=&#8220;#2f378d&#8220; _builder_version=&#8220;4.18.0&#8243; currency_frequency_text_color=&#8220;#2f378d&#8220; price_text_color=&#8220;#2f378d&#8220; subheader_text_color=&#8220;#2f378d&#8220; header_text_color=&#8220;#2f378d&#8220; header_font=&#8220;Lobster||||||||&#8220; body_font=&#8220;||||||||&#8220; subheader_font=&#8220;Lobster||||||||&#8220; price_font=&#8220;Lobster||||||||&#8220; price_font_size=&#8220;60px&#8220; price_line_height=&#8220;70px&#8220; currency_frequency_font=&#8220;Lobster||||||||&#8220; animation_style=&#8220;fold&#8220; animation_direction=&#8220;bottom&#8220; animation_duration=&#8220;800ms&#8220; border_radii=&#8220;on|40px|40px|40px|40px&#8220; global_colors_info=&#8220;{}&#8220;][et_pb_pricing_table title=&#8220;Zimmer mit 6 Schlafm\u00f6glichkeiten&#8220; subtitle=&#8220;Pro \u00dcbernachtung&#8220; currency=&#8220;\u20ac&#8220; per=&#8220; pers.&#8220; sum=&#8220;18&#8243; _builder_version=&#8220;4.16&#8243; price_text_color=&#8220;#2f378d&#8220; header_font=&#8220;||||||||&#8220; header_text_color=&#8220;#2f378d&#8220; body_font=&#8220;||||||||&#8220; subheader_font=&#8220;||||||||&#8220; subheader_text_color=&#8220;#2f378d&#8220; price_font=&#8220;Lobster||||||||&#8220; currency_frequency_font=&#8220;|600||||on|||&#8220; currency_frequency_text_color=&#8220;#2f378d&#8220; currency_frequency_font_size=&#8220;21px&#8220; background_enable_color=&#8220;off&#8220; global_colors_info=&#8220;{}&#8220; sticky_transition=&#8220;on&#8220;]<\/p>\n<p>3 Etagenbett<\/p>\n<p>90 x 200cm<\/p>\n<p>Zimmer im 1. Stockwerk<\/p>\n<p>[\/et_pb_pricing_table][et_pb_pricing_table title=&#8220;Zimmer mit 4 Schlafm\u00f6glichkeiten&#8220; subtitle=&#8220;Pro \u00dcbernachtung&#8220; currency=&#8220;\u20ac&#8220; per=&#8220; pers.&#8220; sum=&#8220;18&#8243; _builder_version=&#8220;4.16&#8243; price_text_color=&#8220;#2f378d&#8220; header_font=&#8220;||||||||&#8220; header_text_color=&#8220;#2f378d&#8220; body_font=&#8220;||||||||&#8220; subheader_font=&#8220;||||||||&#8220; subheader_text_color=&#8220;#2f378d&#8220; price_font=&#8220;Lobster||||||||&#8220; currency_frequency_font=&#8220;|600||||on|||&#8220; currency_frequency_text_color=&#8220;#2f378d&#8220; currency_frequency_font_size=&#8220;21px&#8220; background_enable_color=&#8220;off&#8220; global_colors_info=&#8220;{}&#8220; sticky_transition=&#8220;on&#8220;]<\/p>\n<p>4 Einzelbetten<\/p>\n<p>90 x 200cm<\/p>\n<p>Zimmer im Erdgeschoss<\/p>\n<p>[\/et_pb_pricing_table][et_pb_pricing_table title=&#8220;Zimmer mit 3 Schlafm\u00f6glichkeiten&#8220; subtitle=&#8220;Pro \u00dcbernachtung&#8220; currency=&#8220;\u20ac&#8220; per=&#8220; pers.&#8220; sum=&#8220;18&#8243; _builder_version=&#8220;4.16&#8243; price_text_color=&#8220;#2f378d&#8220; header_font=&#8220;||||||||&#8220; header_text_color=&#8220;#2f378d&#8220; body_font=&#8220;||||||||&#8220; subheader_font=&#8220;||||||||&#8220; subheader_text_color=&#8220;#2f378d&#8220; price_font=&#8220;Lobster||||||||&#8220; currency_frequency_font=&#8220;|600||||on|||&#8220; currency_frequency_text_color=&#8220;#2f378d&#8220; currency_frequency_font_size=&#8220;21px&#8220; background_enable_color=&#8220;off&#8220; global_colors_info=&#8220;{}&#8220; sticky_transition=&#8220;on&#8220;]<\/p>\n<p>3 Einzelbetten<\/p>\n<p>90 x 200cm<\/p>\n<p>Zimmer im 1. Stockwerk<\/p>\n<p>[\/et_pb_pricing_table][et_pb_pricing_table title=&#8220;Zimmer mit 2 Schlafm\u00f6glichkeiten&#8220; subtitle=&#8220;Pro \u00dcbernachtung&#8220; currency=&#8220;\u20ac&#8220; per=&#8220; pers.&#8220; sum=&#8220;22&#8243; _builder_version=&#8220;4.16&#8243; price_text_color=&#8220;#2f378d&#8220; header_font=&#8220;||||||||&#8220; header_text_color=&#8220;#2f378d&#8220; body_font=&#8220;||||||||&#8220; subheader_font=&#8220;||||||||&#8220; subheader_text_color=&#8220;#2f378d&#8220; price_font=&#8220;Lobster||||||||&#8220; currency_frequency_font=&#8220;|600||||on|||&#8220; currency_frequency_text_color=&#8220;#2f378d&#8220; currency_frequency_font_size=&#8220;21px&#8220; background_enable_color=&#8220;off&#8220; global_colors_info=&#8220;{}&#8220; sticky_transition=&#8220;on&#8220;]<\/p>\n<p>Einzelbetten<\/p>\n<p>90 x 200cm<\/p>\n<p>im Erdgeschoss<\/p>\n<p>Direkter Zugang zur Terrasse<\/p>\n<p>[\/et_pb_pricing_table][\/et_pb_pricing_tables][et_pb_text _builder_version=&#8220;4.27.5&#8243; _module_preset=&#8220;default&#8220; header_font=&#8220;||on||||||&#8220; header_text_align=&#8220;center&#8220; hover_enabled=&#8220;0&#8243; sticky_enabled=&#8220;0&#8243; text_font=&#8220;||on||||||&#8220; text_orientation=&#8220;center&#8220;]<\/p>\n<p>* Ohne Kurtaxe<\/p>\n<p>[\/et_pb_text][et_pb_text quote_border_weight=&#8220;50px&#8220; quote_border_color=&#8220;#a8c56b&#8220; _builder_version=&#8220;4.18.0&#8243; text_font=&#8220;||||||||&#8220; text_text_color=&#8220;#222222&#8243; quote_font=&#8220;Lobster Two|||||on|||&#8220; quote_text_align=&#8220;right&#8220; quote_font_size=&#8220;25px&#8220; quote_line_height=&#8220;1.3em&#8220; header_font=&#8220;Lobster||||||||&#8220; header_3_font=&#8220;Lobster||||||||&#8220; header_3_text_color=&#8220;#a8c56b&#8220; max_width=&#8220;30%&#8220; module_alignment=&#8220;center&#8220; custom_margin=&#8220;||14px|377px||&#8220; border_width_top=&#8220;5px&#8220; border_color_top=&#8220;#2f378d&#8220; border_style_top=&#8220;dotted&#8220; saved_tabs=&#8220;all&#8220; locked=&#8220;off&#8220; global_colors_info=&#8220;{}&#8220;][\/et_pb_text][\/et_pb_column][\/et_pb_row][et_pb_row column_structure=&#8220;1_4,1_2,1_4&#8243; use_custom_gutter=&#8220;on&#8220; gutter_width=&#8220;2&#8243; _builder_version=&#8220;4.24.0&#8243; _module_preset=&#8220;default&#8220; width=&#8220;90%&#8220; max_width=&#8220;80%&#8220; custom_margin=&#8220;||||false|false&#8220; locked=&#8220;off&#8220; global_colors_info=&#8220;{}&#8220;][et_pb_column type=&#8220;1_4&#8243; _builder_version=&#8220;4.16&#8243; _module_preset=&#8220;default&#8220; global_colors_info=&#8220;{}&#8220;][et_pb_pricing_tables header_background_color=&#8220;rgba(47,55,141,0.15)&#8220; featured_table_bullet_color=&#8220;#2f378d&#8220; bullet_color=&#8220;rgba(47,55,141,0.15)&#8220; featured_table_price_color=&#8220;#2f378d&#8220; _builder_version=&#8220;4.19.2&#8243; currency_frequency_text_color=&#8220;#2f378d&#8220; price_text_color=&#8220;#2f378d&#8220; subheader_text_color=&#8220;#2f378d&#8220; header_text_color=&#8220;#2f378d&#8220; header_font=&#8220;Lobster||||||||&#8220; body_font=&#8220;||||||||&#8220; subheader_font=&#8220;Lobster||||||||&#8220; price_font=&#8220;Lobster||||||||&#8220; price_font_size=&#8220;60px&#8220; price_line_height=&#8220;70px&#8220; currency_frequency_font=&#8220;Lobster||||||||&#8220; animation_style=&#8220;fold&#8220; animation_direction=&#8220;bottom&#8220; animation_duration=&#8220;800ms&#8220; border_radii=&#8220;on|40px|40px|40px|40px&#8220; global_colors_info=&#8220;{}&#8220;][et_pb_pricing_table title=&#8220;Fr\u00fchst\u00fcck&#8220; currency=&#8220;\u20ac&#8220; per=&#8220; person&#8220; sum=&#8220;5&#8243; _builder_version=&#8220;4.18.0&#8243; price_text_color=&#8220;#2f378d&#8220; header_font=&#8220;||||||||&#8220; header_text_color=&#8220;#2f378d&#8220; body_font=&#8220;||||||||&#8220; subheader_font=&#8220;||||||||&#8220; subheader_text_color=&#8220;#2f378d&#8220; price_font=&#8220;Lobster||||||||&#8220; currency_frequency_font=&#8220;|600||||on|||&#8220; currency_frequency_text_color=&#8220;#2f378d&#8220; currency_frequency_font_size=&#8220;21px&#8220; background_enable_color=&#8220;off&#8220; global_colors_info=&#8220;{}&#8220; sticky_transition=&#8220;on&#8220;]<\/p>\n<p>Hei\u00dfes Getr\u00e4nk Ihrer Wahl<br \/>Hausgemachte Joghurts<br \/>Apfelsaft<br \/>Brot<br \/>Butter<br \/>Viele hausgemachte Marmeladen.<\/p>\n<p>[\/et_pb_pricing_table][\/et_pb_pricing_tables][\/et_pb_column][et_pb_column type=&#8220;1_2&#8243; _builder_version=&#8220;4.16&#8243; _module_preset=&#8220;default&#8220; global_colors_info=&#8220;{}&#8220;][et_pb_pricing_tables header_background_color=&#8220;rgba(47,55,141,0.15)&#8220; featured_table_bullet_color=&#8220;#2f378d&#8220; bullet_color=&#8220;rgba(47,55,141,0.15)&#8220; featured_table_price_color=&#8220;#2f378d&#8220; _builder_version=&#8220;4.19.2&#8243; currency_frequency_text_color=&#8220;#2f378d&#8220; price_text_color=&#8220;#2f378d&#8220; subheader_text_color=&#8220;#2f378d&#8220; header_text_color=&#8220;#2f378d&#8220; header_font=&#8220;Lobster||||||||&#8220; body_font=&#8220;||||||||&#8220; subheader_font=&#8220;Lobster||||||||&#8220; price_font=&#8220;Lobster||||||||&#8220; price_font_size=&#8220;60px&#8220; price_line_height=&#8220;70px&#8220; currency_frequency_font=&#8220;Lobster||||||||&#8220; animation_style=&#8220;fold&#8220; animation_direction=&#8220;bottom&#8220; animation_duration=&#8220;800ms&#8220; border_radii=&#8220;on|40px|40px|40px|40px&#8220; global_colors_info=&#8220;{}&#8220;][et_pb_pricing_table title=&#8220;Abendessen&#8220; currency=&#8220;\u20ac&#8220; per=&#8220; person&#8220; sum=&#8220;17&#8243; _builder_version=&#8220;4.18.0&#8243; price_text_color=&#8220;#2f378d&#8220; header_font=&#8220;||||||||&#8220; header_text_color=&#8220;#2f378d&#8220; body_font=&#8220;||||||||&#8220; subheader_font=&#8220;||||||||&#8220; subheader_text_color=&#8220;#2f378d&#8220; price_font=&#8220;Lobster||||||||&#8220; currency_frequency_font=&#8220;|600||||on|||&#8220; currency_frequency_text_color=&#8220;#2f378d&#8220; currency_frequency_font_size=&#8220;21px&#8220; background_color=&#8220;rgba(47,55,141,0.15)&#8220; background_enable_color=&#8220;on&#8220; global_colors_info=&#8220;{}&#8220; sticky_transition=&#8220;on&#8220;]<\/p>\n<p><strong>Je nach Saison<\/strong><\/p>\n<p>Suppe, Rohkost, Salate, Quiche, Gem\u00fcsekuchen<br \/>Hauptgericht bestehend aus Eiwei\u00df, gr\u00fcnem Gem\u00fcse (Gem\u00fcsetarte,<br \/>Gem\u00fcsepfanne) und S\u00e4ttigungsbeilage (komplexe Kohlenhydrate:<br \/>Nudeln, Reis etc.)<br \/>Cab\u00e9cou (lokaler Ziegenk\u00e4se)<br \/>Hausgemachtes Dessert (Obsttarte, Kuchen &#8230;)<\/p>\n<p><strong>Vegetarisches Essen, vegan, glutenfrei <a href=\"https:\/\/www.figeac-gite-compostelle.fr\/de\/ich-koche-zu-ihrem-vergnuegen\/\" title=\"Vegetarisches Essen, vegan, glutenfrei\">Auf Anfrage<\/a><\/strong><\/p>\n<p>[\/et_pb_pricing_table][\/et_pb_pricing_tables][\/et_pb_column][et_pb_column type=&#8220;1_4&#8243; _builder_version=&#8220;4.16&#8243; _module_preset=&#8220;default&#8220; global_colors_info=&#8220;{}&#8220;][et_pb_image src=&#8220;https:\/\/www.figeac-gite-compostelle.fr\/wp-content\/uploads\/2024\/02\/couloir-etage-gite-gua-figeac.jpg&#8220; title_text=&#8220;couloir-etage-gite-gua-figeac&#8220; _builder_version=&#8220;4.24.0&#8243; _module_preset=&#8220;default&#8220; global_colors_info=&#8220;{}&#8220;][\/et_pb_image][\/et_pb_column][\/et_pb_row][et_pb_row _builder_version=&#8220;4.19.2&#8243; _module_preset=&#8220;default&#8220; width=&#8220;50%&#8220; global_colors_info=&#8220;{}&#8220;][et_pb_column type=&#8220;4_4&#8243; _builder_version=&#8220;4.19.2&#8243; _module_preset=&#8220;default&#8220; global_colors_info=&#8220;{}&#8220;][et_pb_cta title=&#8220;Rufen Sie uns an unter der +33 (0)6 74 73 22 69&#8243; button_url=&#8220;mailto:gitedugua.figeac@gmail.com&#8220; url_new_window=&#8220;on&#8220; button_text=&#8220;oder senden Sie eine E-Mail!&#8220; _builder_version=&#8220;4.16&#8243; header_font=&#8220;Lobster||||||||&#8220; header_text_color=&#8220;#2f378d&#8220; background_color=&#8220;rgba(47,55,141,0.15)&#8220; custom_button=&#8220;on&#8220; button_text_size=&#8220;26px&#8220; button_text_color=&#8220;#FFFFFF&#8220; button_bg_color=&#8220;#2f378d&#8220; button_border_color=&#8220;RGBA(255,255,255,0)&#8220; button_border_radius=&#8220;40px&#8220; button_font=&#8220;Lobster||||||||&#8220; button_use_icon=&#8220;off&#8220; border_radii=&#8220;on|40px|40px|40px|40px&#8220; button_text_shadow_style=&#8220;preset1&#8243; box_shadow_style_button=&#8220;preset2&#8243; global_colors_info=&#8220;{}&#8220;][\/et_pb_cta][\/et_pb_column][\/et_pb_row][\/et_pb_section]<\/p>\n","protected":false},"excerpt":{"rendered":"<p>15 Schlafpl\u00e4tze verteilt auf 4 Zimmer Gemeinsames Bad &amp; Toilette auf jeder Etage Um zu buchen k\u00f6nnen Sie mich anrufen oder mir eine E-Mail schicken Da die Umweltqualit\u00e4t f\u00fcr das Haus von entscheidender Bedeutung ist, sind die W\u00e4nde der Zimmer mit Bio-Farben gestrichen, die keine Ausd\u00fcnstungen verursachen, und die Elektrizit\u00e4t wird mit Energiesparlampen erzeugt.3 Etagenbett [&hellip;]<\/p>\n","protected":false},"author":16,"featured_media":0,"parent":0,"menu_order":0,"comment_status":"closed","ping_status":"closed","template":"","meta":{"_et_pb_use_builder":"on","_et_pb_old_content":"","_et_gb_content_width":"","footnotes":""},"class_list":["post-1098","page","type-page","status-publish","hentry"],"jetpack_sharing_enabled":true,"_links":{"self":[{"href":"https:\/\/www.figeac-gite-compostelle.fr\/de\/wp-json\/wp\/v2\/pages\/1098","targetHints":{"allow":["GET"]}}],"collection":[{"href":"https:\/\/www.figeac-gite-compostelle.fr\/de\/wp-json\/wp\/v2\/pages"}],"about":[{"href":"https:\/\/www.figeac-gite-compostelle.fr\/de\/wp-json\/wp\/v2\/types\/page"}],"author":[{"embeddable":true,"href":"https:\/\/www.figeac-gite-compostelle.fr\/de\/wp-json\/wp\/v2\/users\/16"}],"replies":[{"embeddable":true,"href":"https:\/\/www.figeac-gite-compostelle.fr\/de\/wp-json\/wp\/v2\/comments?post=1098"}],"version-history":[{"count":1,"href":"https:\/\/www.figeac-gite-compostelle.fr\/de\/wp-json\/wp\/v2\/pages\/1098\/revisions"}],"predecessor-version":[{"id":5228,"href":"https:\/\/www.figeac-gite-compostelle.fr\/de\/wp-json\/wp\/v2\/pages\/1098\/revisions\/5228"}],"wp:attachment":[{"href":"https:\/\/www.figeac-gite-compostelle.fr\/de\/wp-json\/wp\/v2\/media?parent=1098"}],"curies":[{"name":"wp","href":"https:\/\/api.w.org\/{rel}","templated":true}]}}