{"id":4928,"date":"2019-01-18T10:26:57","date_gmt":"2019-01-18T09:26:57","guid":{"rendered":"https:\/\/www.figeac-gite-compostelle.fr\/cookie-statistik\/"},"modified":"2025-07-15T23:50:35","modified_gmt":"2025-07-15T21:50:35","slug":"cookie-statistik","status":"publish","type":"page","link":"https:\/\/www.figeac-gite-compostelle.fr\/de\/cookie-statistik\/","title":{"rendered":"Cookie &#8211; Statistik"},"content":{"rendered":"<p>[et_pb_section fb_built=&#8220;1&#8243; _builder_version=&#8220;4.16&#8243; custom_padding=&#8220;0|0px|0|0px|false|false&#8220; global_colors_info=&#8220;{}&#8220;][et_pb_row _builder_version=&#8220;4.16&#8243; custom_padding=&#8220;0|0px|0|0px|false|false&#8220; global_colors_info=&#8220;{}&#8220;][et_pb_column type=&#8220;4_4&#8243; _builder_version=&#8220;4.16&#8243; custom_padding=&#8220;|||&#8220; global_colors_info=&#8220;{}&#8220; custom_padding__hover=&#8220;|||&#8220;][et_pb_text _builder_version=&#8220;4.16&#8243; global_colors_info=&#8220;{}&#8220; ul_item_indent=&#8220;30px&#8220; text_text_color=&#8220;#222222&#8243; header_font=&#8220;Lobster||||||||&#8220; header_2_font=&#8220;Lobster||||||||&#8220; header_2_text_align=&#8220;center&#8220; header_2_text_align_tablet=&#8220;center&#8220; header_2_text_align_phone=&#8220;center&#8220; header_2_text_align_last_edited=&#8220;on|tablet&#8220; header_2_text_color=&#8220;#2f378d&#8220; header_2_text_color_tablet=&#8220;#2f378d&#8220; header_2_text_color_phone=&#8220;#2f378d&#8220; header_2_text_color_last_edited=&#8220;on|phone&#8220; text_orientation=&#8220;justified&#8220; custom_margin=&#8220;||||false|true&#8220; custom_margin_tablet=&#8220;|20px||35px|false|false&#8220; custom_margin_phone=&#8220;|10px||20px|false|false&#8220; custom_margin_last_edited=&#8220;on|tablet&#8220; custom_padding=&#8220;76px||64px|||&#8220;]<\/p>\n<h3>Allgemeine Daten<\/h3>\n<p style=\"text-align: justify;\">Um die Website an das Verhalten der Besucher anzupassen, misst Le G\u00eete du Gu\u00e2 die Anzahl der Besuche, die Anzahl der aufgerufenen Seiten sowie die Aktivit\u00e4t der Besucher auf der Website und die H\u00e4ufigkeit ihrer R\u00fcckkehr.<\/p>\n<p style=\"text-align: justify;\">JetPack, das von Le G\u00eete du Gu\u00e2 verwendete Statistik-Tool, erzeugt ein Cookie mit einer eindeutigen Kennung, dessen Aufbewahrungsdauer begrenzt ist.<\/p>\n<p style=\"text-align: justify;\">Le G\u00eete du Gu\u00e2 sammelt auch Ihre IP-Adresse, um die Stadt zu bestimmen, von der aus Sie sich einloggen. Die Daten werden nach der Verwendung sofort anonymisiert. Die G\u00eete du Gu\u00e2 kann daher auf diesem Wege nicht zu einer nat\u00fcrlichen Person zur\u00fcckverfolgt werden. Die gesammelten Daten werden von Le G\u00eete du Gu\u00e2 f\u00fcr eine Dauer von 13 Monaten aufbewahrt und nicht an Dritte weitergegeben oder f\u00fcr andere Zwecke verwendet.<\/p>\n<p style=\"text-align: justify;\">\n<h3>Cookies<\/h3>\n<p style=\"text-align: justify;\">Wenn Sie nicht m\u00f6chten, dass die besuchten Websites Ihr Verhalten verfolgen und Ihnen verhaltensorientierte Werbung anbieten, k\u00f6nnen Sie Ihren Browser (Internet Explorer, Firefox, Chrome, Safari&#8230;) so konfigurieren, dass Cookies abgelehnt werden. Beachten Sie jedoch, dass, wenn Sie Cookies vollst\u00e4ndig deaktivieren, Ihre Zugangsdaten (Benutzername\/Passwort) auf keiner Website mehr gespeichert werden, auch nicht auf Ihren bevorzugten Websites. Lesen Sie also die Optionen, die Ihnen Ihr Browser anbietet, um Ihre Cookies bewusst zu verwalten.<br \/>Lesen Sie die Empfehlungen der <a href=\"https:\/\/www.cnil.fr\/fr\/cookies-et-autres-traceurs\/comment-se-proteger\/maitriser-votre-navigateur\" target=\"_blank\" rel=\"noopener\">CNIL direkt auf ihrer Website zu Cookies<\/a>!<\/p>\n<p>[\/et_pb_text][\/et_pb_column][\/et_pb_row][\/et_pb_section]<\/p>\n","protected":false},"excerpt":{"rendered":"<p>Allgemeine Daten Um die Website an das Verhalten der Besucher anzupassen, misst Le G\u00eete du Gu\u00e2 die Anzahl der Besuche, die Anzahl der aufgerufenen Seiten sowie die Aktivit\u00e4t der Besucher auf der Website und die H\u00e4ufigkeit ihrer R\u00fcckkehr. JetPack, das von Le G\u00eete du Gu\u00e2 verwendete Statistik-Tool, erzeugt ein Cookie mit einer eindeutigen Kennung, dessen [&hellip;]<\/p>\n","protected":false},"author":16,"featured_media":5140,"parent":0,"menu_order":0,"comment_status":"closed","ping_status":"closed","template":"","meta":{"_et_pb_use_builder":"on","_et_pb_old_content":"","_et_gb_content_width":"","footnotes":""},"class_list":["post-4928","page","type-page","status-publish","has-post-thumbnail","hentry"],"jetpack_sharing_enabled":true,"_links":{"self":[{"href":"https:\/\/www.figeac-gite-compostelle.fr\/de\/wp-json\/wp\/v2\/pages\/4928","targetHints":{"allow":["GET"]}}],"collection":[{"href":"https:\/\/www.figeac-gite-compostelle.fr\/de\/wp-json\/wp\/v2\/pages"}],"about":[{"href":"https:\/\/www.figeac-gite-compostelle.fr\/de\/wp-json\/wp\/v2\/types\/page"}],"author":[{"embeddable":true,"href":"https:\/\/www.figeac-gite-compostelle.fr\/de\/wp-json\/wp\/v2\/users\/16"}],"replies":[{"embeddable":true,"href":"https:\/\/www.figeac-gite-compostelle.fr\/de\/wp-json\/wp\/v2\/comments?post=4928"}],"version-history":[{"count":0,"href":"https:\/\/www.figeac-gite-compostelle.fr\/de\/wp-json\/wp\/v2\/pages\/4928\/revisions"}],"wp:featuredmedia":[{"embeddable":true,"href":"https:\/\/www.figeac-gite-compostelle.fr\/de\/wp-json\/wp\/v2\/media\/5140"}],"wp:attachment":[{"href":"https:\/\/www.figeac-gite-compostelle.fr\/de\/wp-json\/wp\/v2\/media?parent=4928"}],"curies":[{"name":"wp","href":"https:\/\/api.w.org\/{rel}","templated":true}]}}