{"id":4943,"date":"2025-07-15T22:51:15","date_gmt":"2025-07-15T20:51:15","guid":{"rendered":"https:\/\/www.figeac-gite-compostelle.fr\/allgemeine-verkaufsbedingungen-gite-gua\/"},"modified":"2026-01-24T22:54:04","modified_gmt":"2026-01-24T21:54:04","slug":"allgemeine-verkaufsbedingungen-gite-gua","status":"publish","type":"page","link":"https:\/\/www.figeac-gite-compostelle.fr\/de\/allgemeine-verkaufsbedingungen-gite-gua\/","title":{"rendered":"Allgemeine Verkaufsbedingungen &#8211; G\u00eete Gu\u00e2"},"content":{"rendered":"<p>[et_pb_section fb_built=&#8220;1&#8243; admin_label=&#8220;section&#8220; _builder_version=&#8220;4.16&#8243; global_colors_info=&#8220;{}&#8220;][et_pb_row admin_label=&#8220;row&#8220; _builder_version=&#8220;4.16&#8243; background_size=&#8220;initial&#8220; background_position=&#8220;top_left&#8220; background_repeat=&#8220;repeat&#8220; global_colors_info=&#8220;{}&#8220;][et_pb_column type=&#8220;4_4&#8243; _builder_version=&#8220;4.16&#8243; custom_padding=&#8220;|||&#8220; global_colors_info=&#8220;{}&#8220; custom_padding__hover=&#8220;|||&#8220;][et_pb_text admin_label=&#8220;Text&#8220; _builder_version=&#8220;4.27.5&#8243; background_size=&#8220;initial&#8220; background_position=&#8220;top_left&#8220; background_repeat=&#8220;repeat&#8220; hover_enabled=&#8220;0&#8243; global_colors_info=&#8220;{}&#8220; sticky_enabled=&#8220;0&#8243;]<\/p>\n<h1>Allgemeine Gesch\u00e4ftsbedingungen G\u00eete d&#8217;\u00e9tape du Gu\u00e2<\/h1>\n<p>Hauptsitz: 14 bis, avenue du Mar\u00e9chal Joffre 46100 Figeac &#8211; Frankreich<br \/>Siret: 989 611 850 00011 <br \/>Mobil: +33 (0)6 74 72 22 69<br \/>Mail: gitedugua.figeac@gmail.com<\/p>\n<h2>Artikel 1<\/h2>\n<p>Diese Bedingungen sind f\u00fcr den ausschlie\u00dflichen Gebrauch der Reservierung im G\u00eete d&#8217;\u00e9tape du Gu\u00e2 bestimmt. Das G\u00eete d&#8217;\u00e9tape du Gu\u00e2 haftet in keinem Fall f\u00fcr die Nutzung dieser Bedingungen durch Dritte oder f\u00fcr andere als touristische Zwecke.<br \/>Der Eigent\u00fcmer verpflichtet sich, alles M\u00f6gliche zu tun, um den G\u00e4sten einen herzlichen Empfang zu bereiten, ihnen einen angenehmen Aufenthalt zu gew\u00e4hrleisten und ihnen die Kenntnis der Region und der Wanderwege zu erleichtern. <\/p>\n<h2>Artikel 2 &#8211; Dauer des Aufenthalts<\/h2>\n<p>Der Kunde verpflichtet sich f\u00fcr einen bestimmten Zeitraum und kann sich unter keinen Umst\u00e4nden auf ein Recht auf Verbleib in den R\u00e4umlichkeiten berufen.<\/p>\n<h2>Artikel 3 &#8211; Buchung<\/h2>\n<p>Die Buchung wird wirksam, wenn Sie einen Scheck \u00fcber eine Anzahlung (oder ein anderes Zahlungsmittel) in H\u00f6he von 30% des Gesamtpreises f\u00fcr den Aufenthalt erhalten. Die Anzahlung bedeutet die Annahme der vorliegenden Allgemeinen Gesch\u00e4ftsbedingungen.<br \/>Der Kunde wird daran erinnert, dass er nicht \u00fcber das in Artikel L 221-18 des Verbraucherschutzgesetzes vorgesehene R\u00fccktrittsrecht gem\u00e4\u00df Artikel L 221-28 desselben Gesetzes verf\u00fcgt. <\/p>\n<h2>Artikel 4 &#8211; Stornierung durch den Kunden<\/h2>\n<p>In jedem Fall verbleibt die Anzahlung beim Eigent\u00fcmer, der sich das Recht vorbeh\u00e4lt, den Restbetrag des Aufenthaltspreises einzufordern.<br \/>Wenn der Kunde nicht bis 19.00 Uhr am Tag des geplanten Aufenthaltsbeginns erscheint und seine Versp\u00e4tung nicht gemeldet hat, kann der Eigent\u00fcmer \u00fcber die gebuchten Betten verf\u00fcgen. Die Anzahlung verbleibt beim Eigent\u00fcmer.<br \/>Im Falle einer Stornierung nach der Ankunft verbleibt der gesamte Preis f\u00fcr die Unterkunft beim Eigent\u00fcmer. <\/p>\n<h2>Artikel 5 &#8211; Stornierung durch den Eigent\u00fcmer<\/h2>\n<p>Wenn der Eigent\u00fcmer vor Beginn des Aufenthalts den Aufenthalt storniert, muss er den Kunden dar\u00fcber informieren und sicherstellen, dass die Nachricht den Kunden erreicht hat. Der Kunde wird ohne Vorgriff auf die Wiedergutmachungsanspr\u00fcche f\u00fcr eventuell erlittene Sch\u00e4den sofort die gezahlten Betr\u00e4ge zur\u00fcckerstattet bekommen. <\/p>\n<h2>Artikel 6 &#8211; Ankunft und Abreise<\/h2>\n<p>Ohne vorherige Absprache muss der Gast zwischen 16.00 und 18.30 Uhr anreisen (Abendessen wird um 19.00 Uhr serviert). Im Falle einer sp\u00e4teren Ankunft muss der Kunde die G\u00eete d&#8217;\u00e9tape du Gu\u00e2 dar\u00fcber informieren. <br \/>Die Abreise muss sp\u00e4testens um 8.30 Uhr erfolgen.<\/p>\n<h2>Artikel 7 &#8211; Geb\u00fchren<\/h2>\n<p>Die auf dieser Website angegebenen Preise sind Preise in Euro pro Person und Nacht. Die Preise verstehen sich inklusive aller Steuern und Abgaben. <\/p>\n<h2>Artikel 8 &#8211; Zahlung des Restbetrags<\/h2>\n<p>Der Restbetrag ist am Tag vor der Abreise zusammen mit dem Verzehr und den zus\u00e4tzlichen Leistungen zu zahlen. Alle geplanten Mahlzeiten, die nicht am Vortag storniert werden, werden in Rechnung gestellt.<br \/>Zahlungsmodalit\u00e4ten: Bankschecks (Bank mit Sitz in Frankreich &#8211; ausgestellt auf G\u00eete du Gu\u00e2) oder Bargeld.<br \/>Wir weisen darauf hin, dass in unseren Preisen keine Reiser\u00fccktrittsversicherung eingeschlossen ist. <\/p>\n<h2>Artikel 9 &#8211; Kurtaxe<\/h2>\n<p>Die Kurtaxe ist im Preis inbegriffen. Es handelt sich um eine lokale Steuer, die der Gast an den Gastgeber entrichten muss, der sie dann an das Finanzamt weiterleitet. <\/p>\n<h2>Artikel 10 &#8211; Lebensstil und Nutzung der R\u00e4umlichkeiten<\/h2>\n<p>Der Gast muss den friedlichen Charakter der gemeinsam genutzten R\u00e4umlichkeiten respektieren. Das Rauchen ist in der Unterkunft nicht gestattet. Im Freien ist dies m\u00f6glich.<br \/>Das Ferienhaus ist ein Ort der Geselligkeit, an dem jeder die anderen Bewohner respektiert. Es wird vorausgesetzt, dass jeder bereit ist, die Mahlzeiten mit anderen Personen zu teilen und dass die Gemeinschaftsr\u00e4ume mit Respekt vor allen anderen Personen genutzt werden, die w\u00e4hrend des Aufenthalts anwesend sind.   <\/p>\n<h2>Artikel 11 &#8211; Verantwortlichkeit<\/h2>\n<p>Der Kunde haftet f\u00fcr alle Sch\u00e4den und Beeintr\u00e4chtigungen, die durch sein Verschulden entstehen. Der Kunde best\u00e4tigt, dass er \u00fcber eine Haftpflichtversicherung verf\u00fcgt, die seine Haftung und die seiner Familie abdeckt. <br \/>Die Kinder der G\u00e4ste bewegen sich in der G\u00eete du Gu\u00e2 unter der alleinigen Verantwortung ihrer Eltern.<br \/>Der Kunde verpflichtet sich, die Zimmer am Ende des Aufenthalts in perfektem Zustand zu verlassen und alle eventuellen Sch\u00e4den, f\u00fcr die er verantwortlich ist, zu melden und finanziell zu \u00fcbernehmen.<br \/>G\u00eete du Gu\u00e2 \u00fcbernimmt keine Haftung f\u00fcr Diebstahl, Verlust, Besch\u00e4digung von pers\u00f6nlichen Gegenst\u00e4nden und\/oder Sch\u00e4den oder Verletzungen an Eigentum oder Personen, die sich auf dem Grundst\u00fcck befinden, unabh\u00e4ngig von der Ursache.<br \/>Wenn die Sachen nach dem Aufenthalt im Zimmer vergessen werden, k\u00f6nnen sie auf Wunsch und auf Kosten der betreffenden Person nachgesandt werden.<\/p>\n<h2>Artikel 12 &#8211; Streitigkeiten<\/h2>\n<p>Der vorliegende Vertrag unterliegt franz\u00f6sischem Recht.<br \/>Alle Streitigkeiten, zu denen der vorliegende Vertrag Anlass geben k\u00f6nnte, sowohl hinsichtlich seiner G\u00fcltigkeit, Auslegung, Durchf\u00fchrung, Beendigung, ihrer Folgen und ihrer Folgen, werden den zust\u00e4ndigen Gerichten unter den Bedingungen des allgemeinen Rechts vorgelegt. Der vorliegende Vertrag und seine Folgen unterliegen dem franz\u00f6sischen Recht. <br \/>Wenn Sie Ihre Streitigkeit nicht beilegen konnten, nachdem Sie uns eine schriftliche Beschwerde (Brief oder E-Mail) mit Datum und Angabe der Umst\u00e4nde, die zu der Streitigkeit gef\u00fchrt haben, und des von Ihnen geforderten Betrags \u00fcbermittelt haben, k\u00f6nnen Sie sich an den Verbraucher-Ombudsmann wenden, der nachstehend genannt wird, wenn Sie eine negative schriftliche Antwort von uns erhalten haben oder wenn Sie zwei Monate nach dem Absenden Ihrer Beschwerde keine Antwort erhalten haben.<br \/>Gem\u00e4\u00df Artikel L.616-1 und R.616-1 des Verbraucherschutzgesetzes hat unsere Gesellschaft ein Schlichtungsverfahren f\u00fcr Verbraucher eingerichtet.<br \/>Die gew\u00e4hlte Vermittlungsstelle ist :<br \/>MEDIATION VERBRAUCHERENTWICKLUNG \/ MED CONSO DEV<br \/>Im Falle einer Streitigkeit k\u00f6nnen Sie Ihre Beschwerde auf der Website des Unternehmens einreichen: www.medconsodev.eu oder auf dem Postweg an<br \/>MEDIATION VERBRAUCHER ENTWICKLUNG<br \/>C\/O Centre d&#8217;Affaires St\u00e9phanois SAS<br \/>L&#8217;HORIZON GEB\u00c4UDE &#8211; ESPLANADE DE FRANCE<br \/>3, RUE J. CONSTANT MILLERET &#8211; 42000 SAINT-\u00c9TIENNE<\/p>\n<h2>Artikel 13 &#8211; \u00c4nderung der Allgemeinen Gesch\u00e4ftsbedingungen<\/h2>\n<p>Die vorliegenden Verkaufsbedingungen k\u00f6nnen jederzeit und ohne Vorank\u00fcndigung ge\u00e4ndert werden. Die Annahme und Einhaltung dieser Verkaufsbedingungen gilt als gegeben, sobald die Anzahlung geleistet wurde. <\/p>\n<h2>Artikel 14 &#8211; Beschreibung von G\u00eete d&#8217;\u00e9tape du Gu\u00e2<\/h2>\n<ul>\n<li>1 Zimmer f\u00fcr 2 Personen, 1 Zimmer f\u00fcr 3 Personen, 1 Zimmer f\u00fcr 4 Personen, 1 Schlafsaal mit 6 Pl\u00e4tzen<\/li>\n<li>4 Gemeinschaftsduschen und 3 Toiletten<\/li>\n<li>Inneres Esszimmer<\/li>\n<li>\u00dcberdachte Terrasse mit Essbereich im Freien<\/li>\n<li>Garten<\/li>\n<\/ul>\n<p>[\/et_pb_text][\/et_pb_column][\/et_pb_row][\/et_pb_section]<\/p>\n","protected":false},"excerpt":{"rendered":"<p>Allgemeine Gesch\u00e4ftsbedingungen G\u00eete d&#8217;\u00e9tape du Gu\u00e2 Hauptsitz: 14 bis, avenue du Mar\u00e9chal Joffre 46100 Figeac &#8211; FrankreichSiret: 989 611 850 00011 Mobil: +33 (0)6 74 72 22 69Mail: gitedugua.figeac@gmail.com Artikel 1 Diese Bedingungen sind f\u00fcr den ausschlie\u00dflichen Gebrauch der Reservierung im G\u00eete d&#8217;\u00e9tape du Gu\u00e2 bestimmt. Das G\u00eete d&#8217;\u00e9tape du Gu\u00e2 haftet in keinem Fall [&hellip;]<\/p>\n","protected":false},"author":16,"featured_media":0,"parent":0,"menu_order":0,"comment_status":"closed","ping_status":"closed","template":"","meta":{"_et_pb_use_builder":"on","_et_pb_old_content":"","_et_gb_content_width":"","footnotes":""},"class_list":["post-4943","page","type-page","status-publish","hentry"],"jetpack_sharing_enabled":true,"_links":{"self":[{"href":"https:\/\/www.figeac-gite-compostelle.fr\/de\/wp-json\/wp\/v2\/pages\/4943","targetHints":{"allow":["GET"]}}],"collection":[{"href":"https:\/\/www.figeac-gite-compostelle.fr\/de\/wp-json\/wp\/v2\/pages"}],"about":[{"href":"https:\/\/www.figeac-gite-compostelle.fr\/de\/wp-json\/wp\/v2\/types\/page"}],"author":[{"embeddable":true,"href":"https:\/\/www.figeac-gite-compostelle.fr\/de\/wp-json\/wp\/v2\/users\/16"}],"replies":[{"embeddable":true,"href":"https:\/\/www.figeac-gite-compostelle.fr\/de\/wp-json\/wp\/v2\/comments?post=4943"}],"version-history":[{"count":7,"href":"https:\/\/www.figeac-gite-compostelle.fr\/de\/wp-json\/wp\/v2\/pages\/4943\/revisions"}],"predecessor-version":[{"id":5238,"href":"https:\/\/www.figeac-gite-compostelle.fr\/de\/wp-json\/wp\/v2\/pages\/4943\/revisions\/5238"}],"wp:attachment":[{"href":"https:\/\/www.figeac-gite-compostelle.fr\/de\/wp-json\/wp\/v2\/media?parent=4943"}],"curies":[{"name":"wp","href":"https:\/\/api.w.org\/{rel}","templated":true}]}}