{"id":4957,"date":"2019-01-17T09:47:13","date_gmt":"2019-01-17T08:47:13","guid":{"rendered":"https:\/\/www.figeac-gite-compostelle.fr\/rechtliche-hinweise-datenschutz\/"},"modified":"2025-07-31T17:26:50","modified_gmt":"2025-07-31T15:26:50","slug":"rechtliche-hinweise-datenschutz","status":"publish","type":"page","link":"https:\/\/www.figeac-gite-compostelle.fr\/de\/rechtliche-hinweise-datenschutz\/","title":{"rendered":"Rechtliche Hinweise Datenschutz"},"content":{"rendered":"<p>[et_pb_section fb_built=&#8220;1&#8243; _builder_version=&#8220;4.16&#8243; custom_padding=&#8220;0|0px|0|0px|false|false&#8220; global_colors_info=&#8220;{}&#8220;][et_pb_row _builder_version=&#8220;4.16&#8243; custom_padding=&#8220;0|0px|0|0px|false|false&#8220; global_colors_info=&#8220;{}&#8220;][et_pb_column type=&#8220;4_4&#8243; _builder_version=&#8220;4.16&#8243; custom_padding=&#8220;|||&#8220; global_colors_info=&#8220;{}&#8220; custom_padding__hover=&#8220;|||&#8220;][et_pb_text ul_item_indent=&#8220;30px&#8220; _builder_version=&#8220;4.16&#8243; text_text_color=&#8220;#222222&#8243; header_font=&#8220;Lobster||||||||&#8220; header_2_font=&#8220;Lobster||||||||&#8220; header_2_text_align=&#8220;center&#8220; header_2_text_color=&#8220;#2f378d&#8220; text_orientation=&#8220;justified&#8220; custom_margin=&#8220;||||false|true&#8220; custom_margin_tablet=&#8220;|20px||35px|false|false&#8220; custom_margin_phone=&#8220;|10px||20px|false|false&#8220; custom_margin_last_edited=&#8220;on|tablet&#8220; custom_padding=&#8220;76px||64px|||&#8220; header_2_text_align_tablet=&#8220;center&#8220; header_2_text_align_phone=&#8220;center&#8220; header_2_text_align_last_edited=&#8220;on|tablet&#8220; header_2_text_color_tablet=&#8220;#2f378d&#8220; header_2_text_color_phone=&#8220;#2f378d&#8220; header_2_text_color_last_edited=&#8220;on|phone&#8220; global_colors_info=&#8220;{}&#8220;]<\/p>\n<h3><strong>Eigentum der Website<\/strong><\/h3>\n<p style=\"text-align: justify;\">Die vorliegende Website ist Eigentum von G\u00eete du Gu\u00e2, eingetragen im R\u00e9pertoire des Entreprises et d&#8217;Etablissement unter der Nummer 989 611 850 00011, mit Sitz in 14 bis avenue du Mar\u00e9chal Joffre 46100 Figeac &#8211; Frankreich.<\/p>\n<p style=\"text-align: justify;\">Die Herausgeber dieser Website sind C\u00e9cile Denais als Gr\u00fcnderin von G\u00eete du Gu\u00e2 und Sylbohec als Erstellerin der Website.<\/p>\n<p style=\"text-align: justify;\">\n<h3><strong>Host<\/strong><\/h3>\n<p>Die Website wird in Europa von der Firma Kinsta Inc. 8605 Santa Monica Blvd #92581 West Hollywood, CA 90069 United States gehostet. <\/p>\n<p>&nbsp;<\/p>\n<h3><strong>Designer<\/strong><\/h3>\n<p style=\"text-align: justify;\">Sylvie TINSEAU &#8211; <a href=\"mailto:sylvie@sylbohec.com,\">sylvie@sylbohec.com,<\/a> Hauptsitz: 6 r\u00e9sidence les quinconces 91190 Gif sur Yvette &#8211; Frankreich<\/p>\n<p style=\"text-align: justify;\">\n<h3><strong>Datenschutz &#8211; Pers\u00f6nliche Daten<br \/><\/strong><\/h3>\n<p style=\"text-align: justify;\">Die Einhaltung des Schutzes pers\u00f6nlicher Daten ist ein ethischer Wert von G\u00eete du Gu\u00e2 in \u00dcbereinstimmung mit der Politik des Schutzes pers\u00f6nlicher Daten. <strong>Dennoch werden keine personenbezogenen Daten gesammelt oder verarbeitet<\/strong>.<\/p>\n<p style=\"text-align: justify;\">\n<h3><strong>Geistiges Eigentum<\/strong><\/h3>\n<p style=\"text-align: justify;\">Es wird darauf hingewiesen, dass nach dem franz\u00f6sischen Gesetz \u00fcber geistiges Eigentum (Art. L. 122-4) jede vollst\u00e4ndige oder teilweise Darstellung oder Vervielf\u00e4ltigung ohne die Zustimmung der Autoren oder ihrer Rechtsnachfolger rechtswidrig ist und nach den Gesetzen \u00fcber F\u00e4lschung bestraft wird. Dasselbe gilt f\u00fcr die \u00dcbersetzung, Bearbeitung oder Vervielf\u00e4ltigung durch irgendeine Kunst oder ein Verfahren. <\/p>\n<p style=\"text-align: justify;\">Die Logos von G\u00eete du Gu\u00e2 und seiner Partner auf der Website sind eingetragene Marken (halbfigurativ oder nicht). Jede vollst\u00e4ndige oder teilweise Reproduktion dieser Logos ohne die ausdr\u00fcckliche Genehmigung von G\u00eete du Gu\u00e2 ist daher im Sinne von Art. L. 122-4 des Gesetzes \u00fcber geistiges Eigentum.  <\/p>\n<p style=\"text-align: justify;\">\n<h3><strong>Allgemeine Informationen<\/strong><\/h3>\n<p style=\"text-align: justify;\">Le G\u00eete du Gu\u00e2 unternimmt alle Anstrengungen, um den Nutzern verf\u00fcgbare und \u00fcberpr\u00fcfte Informationen und\/oder Tools zur Verf\u00fcgung zu stellen, haftet jedoch nicht f\u00fcr Fehler, die fehlende Verf\u00fcgbarkeit von Informationen und\/oder das Vorhandensein von Viren auf seiner Website.<\/p>\n<p style=\"text-align: justify;\">Le G\u00eete du Gu\u00e2 wird sich bem\u00fchen, die Website 24 Stunden am Tag und 7 Tage in der Woche zug\u00e4nglich zu machen, kann aber in keinem Fall f\u00fcr die Unzug\u00e4nglichkeit der Website haftbar gemacht werden. Der Nutzer wird dar\u00fcber informiert, dass bei seinen Besuchen auf der Website automatisch ein Cookie auf seinem Browser installiert werden kann. Ein Cookie ist ein Datenblock, der den Nutzer nicht identifiziert, aber dennoch dazu dient, Informationen \u00fcber die Navigation des Nutzers auf der Website zu speichern. Da der Cookie indirekt namentliche Informationen \u00fcber den Nutzer sammelt, hat dieser auch das Recht auf Einsichtnahme, R\u00fccknahme und \u00c4nderung. Die Texte, animierten oder fixen Bilder, das Know-how, die Zeichnungen, die Grafiken und alle anderen Elemente, aus denen die Website besteht, sind gem\u00e4\u00df dem Gesetz vom 11. M\u00e4rz 1957 das exklusive Eigentum von Gite du Gu\u00e2.    <\/p>\n<p style=\"text-align: justify;\">Le G\u00eete du Gu\u00e2 l\u00e4dt die Nutzer der Website ein, eventuelle Auslassungen, Fehler oder Korrekturen mitzuteilen, indem sie eine E-Mail an folgende Adresse schicken: <a href=\"mailto:gitedugua.figeac@gmail.com\">gitedugua.figeac@gmail.com<\/a>.<\/p>\n<p style=\"text-align: justify;\">\n<h3><strong>Foto Credit<br \/><\/strong><\/h3>\n<p style=\"text-align: justify;\">Die Fotos auf der Website von Le G\u00eete du Gu\u00e2 sind Sylbohec, Le G\u00eete du Gu\u00e2 und allen Pilgern zu verdanken, die uns die M\u00f6glichkeit gegeben haben, sie online zu stellen. Vielen Dank an alle. Jede Vervielf\u00e4ltigung ist ohne die Zustimmung der Autoren untersagt.  <\/p>\n<p>[\/et_pb_text][\/et_pb_column][\/et_pb_row][\/et_pb_section]<\/p>\n","protected":false},"excerpt":{"rendered":"<p>Eigentum der Website Die vorliegende Website ist Eigentum von G\u00eete du Gu\u00e2, eingetragen im R\u00e9pertoire des Entreprises et d&#8217;Etablissement unter der Nummer 989 611 850 00011, mit Sitz in 14 bis avenue du Mar\u00e9chal Joffre 46100 Figeac &#8211; Frankreich. Die Herausgeber dieser Website sind C\u00e9cile Denais als Gr\u00fcnderin von G\u00eete du Gu\u00e2 und Sylbohec als [&hellip;]<\/p>\n","protected":false},"author":16,"featured_media":0,"parent":0,"menu_order":0,"comment_status":"closed","ping_status":"closed","template":"","meta":{"_et_pb_use_builder":"on","_et_pb_old_content":"","_et_gb_content_width":"","footnotes":""},"class_list":["post-4957","page","type-page","status-publish","hentry"],"jetpack_sharing_enabled":true,"_links":{"self":[{"href":"https:\/\/www.figeac-gite-compostelle.fr\/de\/wp-json\/wp\/v2\/pages\/4957","targetHints":{"allow":["GET"]}}],"collection":[{"href":"https:\/\/www.figeac-gite-compostelle.fr\/de\/wp-json\/wp\/v2\/pages"}],"about":[{"href":"https:\/\/www.figeac-gite-compostelle.fr\/de\/wp-json\/wp\/v2\/types\/page"}],"author":[{"embeddable":true,"href":"https:\/\/www.figeac-gite-compostelle.fr\/de\/wp-json\/wp\/v2\/users\/16"}],"replies":[{"embeddable":true,"href":"https:\/\/www.figeac-gite-compostelle.fr\/de\/wp-json\/wp\/v2\/comments?post=4957"}],"version-history":[{"count":3,"href":"https:\/\/www.figeac-gite-compostelle.fr\/de\/wp-json\/wp\/v2\/pages\/4957\/revisions"}],"predecessor-version":[{"id":4981,"href":"https:\/\/www.figeac-gite-compostelle.fr\/de\/wp-json\/wp\/v2\/pages\/4957\/revisions\/4981"}],"wp:attachment":[{"href":"https:\/\/www.figeac-gite-compostelle.fr\/de\/wp-json\/wp\/v2\/media?parent=4957"}],"curies":[{"name":"wp","href":"https:\/\/api.w.org\/{rel}","templated":true}]}}