{"id":4924,"date":"2019-01-18T10:26:57","date_gmt":"2019-01-18T09:26:57","guid":{"rendered":"https:\/\/www.figeac-gite-compostelle.fr\/cookie-et-statistics\/"},"modified":"2025-07-15T23:50:56","modified_gmt":"2025-07-15T21:50:56","slug":"cookie-et-statistics","status":"publish","type":"page","link":"https:\/\/www.figeac-gite-compostelle.fr\/en\/cookie-et-statistics\/","title":{"rendered":"Cookie et Statistics"},"content":{"rendered":"<p>[et_pb_section fb_built=&#8221;1&#8243; _builder_version=&#8221;4.16&#8243; custom_padding=&#8221;0|0px|0|0px|false|false&#8221; global_colors_info=&#8221;{}&#8221;][et_pb_row _builder_version=&#8221;4.16&#8243; custom_padding=&#8221;0|0px|0|0px|false|false&#8221; global_colors_info=&#8221;{}&#8221;][et_pb_column type=&#8221;4_4&#8243; _builder_version=&#8221;4.16&#8243; custom_padding=&#8221;|||&#8221; global_colors_info=&#8221;{}&#8221; custom_padding__hover=&#8221;|||&#8221;][et_pb_text _builder_version=&#8221;4.16&#8243; global_colors_info=&#8221;{}&#8221; ul_item_indent=&#8221;30px&#8221; text_text_color=&#8221;#222222&#8243; header_font=&#8221;Lobster||||||||&#8221; header_2_font=&#8221;Lobster||||||||&#8221; header_2_text_align=&#8221;center&#8221; header_2_text_align_tablet=&#8221;center&#8221; header_2_text_align_phone=&#8221;center&#8221; header_2_text_align_last_edited=&#8221;on|tablet&#8221; header_2_text_color=&#8221;#2f378d&#8221; header_2_text_color_tablet=&#8221;#2f378d&#8221; header_2_text_color_phone=&#8221;#2f378d&#8221; header_2_text_color_last_edited=&#8221;on|phone&#8221; text_orientation=&#8221;justified&#8221; custom_margin=&#8221;||||false|true&#8221; custom_margin_tablet=&#8221;|20px||35px|false|false&#8221; custom_margin_phone=&#8221;|10px||20px|false|false&#8221; custom_margin_last_edited=&#8221;on|tablet&#8221; custom_padding=&#8221;76px||64px|||&#8221;]<\/p>\n<h3>General data<\/h3>\n<p style=\"text-align: justify;\">In order to adapt the site to visitor behavior, Le G\u00eete du Gu\u00e2 measures the number of visits, the number of pages viewed, as well as visitor activity on the site and the frequency with which they return.<\/p>\n<p style=\"text-align: justify;\">JetPack, the statistical tool used by Le G\u00eete du Gu\u00e2, generates a cookie with a unique identifier, which is kept for a limited time.<\/p>\n<p style=\"text-align: justify;\">The G\u00eete du Gu\u00e2 also collects your IP address, in order to determine the city from which you are connecting. It is immediately anonymized after use. The G\u00eete du Gu\u00e2 can therefore in no way be traced back to an individual. The data collected is kept by Le G\u00eete du Gu\u00e2 for a period of 13 months and is not passed on to third parties or used for any other purpose.<\/p>\n<p style=\"text-align: justify;\">\n<h3>Cookies<\/h3>\n<p style=\"text-align: justify;\">If you don&#8217;t want the sites you visit to track your behavior and offer you behavioral advertising, you can set your browser (Internet Explorer, Firefox, Chrome, Safari&#8230;) to refuse cookies. Please note, however, that if you deactivate cookies completely, your access data (username\/password) will no longer be saved on any website, even your favorites. So be sure to read the options offered by your browser so that you can manage your cookies with full knowledge of the facts.<br \/>Read the <a href=\"https:\/\/www.cnil.fr\/fr\/cookies-et-autres-traceurs\/comment-se-proteger\/maitriser-votre-navigateur\" target=\"_blank\" rel=\"noopener\">CNIL &#8216;s recommendations for cookies directly on their site<\/a>!<\/p>\n<p>[\/et_pb_text][\/et_pb_column][\/et_pb_row][\/et_pb_section]<\/p>\n","protected":false},"excerpt":{"rendered":"<p>General data In order to adapt the site to visitor behavior, Le G\u00eete du Gu\u00e2 measures the number of visits, the number of pages viewed, as well as visitor activity on the site and the frequency with which they return. JetPack, the statistical tool used by Le G\u00eete du Gu\u00e2, generates a cookie with a [&hellip;]<\/p>\n","protected":false},"author":16,"featured_media":5139,"parent":0,"menu_order":0,"comment_status":"closed","ping_status":"closed","template":"","meta":{"_et_pb_use_builder":"on","_et_pb_old_content":"","_et_gb_content_width":"","footnotes":""},"class_list":["post-4924","page","type-page","status-publish","has-post-thumbnail","hentry"],"jetpack_sharing_enabled":true,"_links":{"self":[{"href":"https:\/\/www.figeac-gite-compostelle.fr\/en\/wp-json\/wp\/v2\/pages\/4924","targetHints":{"allow":["GET"]}}],"collection":[{"href":"https:\/\/www.figeac-gite-compostelle.fr\/en\/wp-json\/wp\/v2\/pages"}],"about":[{"href":"https:\/\/www.figeac-gite-compostelle.fr\/en\/wp-json\/wp\/v2\/types\/page"}],"author":[{"embeddable":true,"href":"https:\/\/www.figeac-gite-compostelle.fr\/en\/wp-json\/wp\/v2\/users\/16"}],"replies":[{"embeddable":true,"href":"https:\/\/www.figeac-gite-compostelle.fr\/en\/wp-json\/wp\/v2\/comments?post=4924"}],"version-history":[{"count":0,"href":"https:\/\/www.figeac-gite-compostelle.fr\/en\/wp-json\/wp\/v2\/pages\/4924\/revisions"}],"wp:featuredmedia":[{"embeddable":true,"href":"https:\/\/www.figeac-gite-compostelle.fr\/en\/wp-json\/wp\/v2\/media\/5139"}],"wp:attachment":[{"href":"https:\/\/www.figeac-gite-compostelle.fr\/en\/wp-json\/wp\/v2\/media?parent=4924"}],"curies":[{"name":"wp","href":"https:\/\/api.w.org\/{rel}","templated":true}]}}