{"id":4947,"date":"2019-01-17T09:47:13","date_gmt":"2019-01-17T08:47:13","guid":{"rendered":"https:\/\/www.figeac-gite-compostelle.fr\/legal-and-privacy-notice\/"},"modified":"2025-07-31T17:26:32","modified_gmt":"2025-07-31T15:26:32","slug":"legal-and-privacy-notice","status":"publish","type":"page","link":"https:\/\/www.figeac-gite-compostelle.fr\/en\/legal-and-privacy-notice\/","title":{"rendered":"Legal and Privacy Notice"},"content":{"rendered":"<p>[et_pb_section fb_built=&#8221;1&#8243; _builder_version=&#8221;4.16&#8243; custom_padding=&#8221;0|0px|0|0px|false|false&#8221; global_colors_info=&#8221;{}&#8221;][et_pb_row _builder_version=&#8221;4.16&#8243; custom_padding=&#8221;0|0px|0|0px|false|false&#8221; global_colors_info=&#8221;{}&#8221;][et_pb_column type=&#8221;4_4&#8243; _builder_version=&#8221;4.16&#8243; custom_padding=&#8221;|||&#8221; global_colors_info=&#8221;{}&#8221; custom_padding__hover=&#8221;|||&#8221;][et_pb_text ul_item_indent=&#8221;30px&#8221; _builder_version=&#8221;4.16&#8243; text_text_color=&#8221;#222222&#8243; header_font=&#8221;Lobster||||||||&#8221; header_2_font=&#8221;Lobster||||||||&#8221; header_2_text_align=&#8221;center&#8221; header_2_text_color=&#8221;#2f378d&#8221; text_orientation=&#8221;justified&#8221; custom_margin=&#8221;||||false|true&#8221; custom_margin_tablet=&#8221;|20px||35px|false|false&#8221; custom_margin_phone=&#8221;|10px||20px|false|false&#8221; custom_margin_last_edited=&#8221;on|tablet&#8221; custom_padding=&#8221;76px||64px|||&#8221; header_2_text_align_tablet=&#8221;center&#8221; header_2_text_align_phone=&#8221;center&#8221; header_2_text_align_last_edited=&#8221;on|tablet&#8221; header_2_text_color_tablet=&#8221;#2f378d&#8221; header_2_text_color_phone=&#8221;#2f378d&#8221; header_2_text_color_last_edited=&#8221;on|phone&#8221; global_colors_info=&#8221;{}&#8221;]<\/p>\n<h3><strong>Site ownership<\/strong><\/h3>\n<p style=\"text-align: justify;\">This site is the property of G\u00eete du Gu\u00e2, registered with the R\u00e9pertoire des Entreprises et d&#8217;Etablissement under no. 989 611 850 00011, whose head office is located at 14 bis avenue du Mar\u00e9chal Joffre 46100 Figeac &#8211; France.<\/p>\n<p style=\"text-align: justify;\">The publishing directors of this website are C\u00e9cile Denais as founder of G\u00eete du Gu\u00e2 and Sylbohec as website designer.<\/p>\n<p style=\"text-align: justify;\">\n<h3><strong>Host<\/strong><\/h3>\n<p>The website is hosted in Europe by Kinsta Inc. 8605 Santa Monica Blvd #92581 West Hollywood, CA 90069 United States<\/p>\n<p>&nbsp;<\/p>\n<h3><strong>Designer<\/strong><\/h3>\n<p style=\"text-align: justify;\">Sylvie TINSEAU &#8211; <a href=\"mailto:sylvie@sylbohec.com,\">sylvie@sylbohec.com,<\/a> Head office located at 6 r\u00e9sidence les quinconces 91190 Gif sur Yvette &#8211; France<\/p>\n<p style=\"text-align: justify;\">\n<h3><strong>Privacy &#8211; Personal data<br \/><\/strong><\/h3>\n<p style=\"text-align: justify;\">Respect for the protection of personal data is an ethical value of the G\u00eete du Gu\u00e2 in accordance with the personal data protection policy. <strong>However, no personal data is collected and no processing of your personal data is carried out<\/strong>.<\/p>\n<p style=\"text-align: justify;\">\n<h3><strong>Intellectual property<\/strong><\/h3>\n<p style=\"text-align: justify;\">It is reminded that according to the French Intellectual Property Code (Art. L. 122-4), any representation or reproduction in whole or in part made without the consent of the authors or their successors is unlawful and punishable under the laws relating to the crime of counterfeiting. The same applies to translation, arrangement or reproduction by any art or process whatsoever.<\/p>\n<p style=\"text-align: justify;\">The logos of G\u00eete du Gu\u00e2 and its partners appearing on the website are registered trademarks (semi-figurative or not). Any total or partial reproduction of these logos without the express authorisation of G\u00eete du Gu\u00e2 is therefore prohibited, in accordance with Article Art. L. 122-4 of the French Intellectual Property Code.<\/p>\n<p style=\"text-align: justify;\">\n<h3><strong>General information<\/strong><\/h3>\n<p style=\"text-align: justify;\">Le G\u00eete du Gu\u00e2 makes every effort to provide users with available and verified information and\/or tools, but cannot be held responsible for errors, lack of availability of information and\/or the presence of viruses on its website.<\/p>\n<p style=\"text-align: justify;\">Le G\u00eete du Gu\u00e2 will do its utmost to ensure that the website is accessible 24 hours a day, 7 days a week, but cannot accept any liability for the website not being accessible. Users are informed that, when they visit the website, a cookie may be automatically installed on their browser. A cookie is a block of data that does not allow the user to be identified, but is used to record information about the user&#8217;s browsing on the website. As the cookie indirectly collects nominative information about the user, the latter also has the right to consult, withdraw and modify it. The texts, animated or still images, know-how, drawings, graphics and any other element making up the website are the exclusive property of Gite du Gu\u00e2, in accordance with the law of March 11, 1957.<\/p>\n<p style=\"text-align: justify;\">Le G\u00eete du Gu\u00e2 invites users of the website to report any omissions, errors or corrections by sending an e-mail to the following address: <a href=\"mailto:gitedugua.figeac@gmail.com\">gitedugua.figeac@gmail.com.<\/a><\/p>\n<p style=\"text-align: justify;\">\n<h3><strong>Photo credit<br \/><\/strong><\/h3>\n<p style=\"text-align: justify;\">The photographs on the Le G\u00eete du Gu\u00e2 website are credited to Sylbohec, Le G\u00eete du Gu\u00e2 and all the pilgrims who gave us the opportunity to put them online. Thank you all very much. Reproduction is forbidden without the consent of the authors.<\/p>\n<p>[\/et_pb_text][\/et_pb_column][\/et_pb_row][\/et_pb_section]<\/p>\n","protected":false},"excerpt":{"rendered":"<p>Site ownership This site is the property of G\u00eete du Gu\u00e2, registered with the R\u00e9pertoire des Entreprises et d&#8217;Etablissement under no. 989 611 850 00011, whose head office is located at 14 bis avenue du Mar\u00e9chal Joffre 46100 Figeac &#8211; France. The publishing directors of this website are C\u00e9cile Denais as founder of G\u00eete du [&hellip;]<\/p>\n","protected":false},"author":16,"featured_media":0,"parent":0,"menu_order":0,"comment_status":"closed","ping_status":"closed","template":"","meta":{"_et_pb_use_builder":"on","_et_pb_old_content":"","_et_gb_content_width":"","footnotes":""},"class_list":["post-4947","page","type-page","status-publish","hentry"],"jetpack_sharing_enabled":true,"_links":{"self":[{"href":"https:\/\/www.figeac-gite-compostelle.fr\/en\/wp-json\/wp\/v2\/pages\/4947","targetHints":{"allow":["GET"]}}],"collection":[{"href":"https:\/\/www.figeac-gite-compostelle.fr\/en\/wp-json\/wp\/v2\/pages"}],"about":[{"href":"https:\/\/www.figeac-gite-compostelle.fr\/en\/wp-json\/wp\/v2\/types\/page"}],"author":[{"embeddable":true,"href":"https:\/\/www.figeac-gite-compostelle.fr\/en\/wp-json\/wp\/v2\/users\/16"}],"replies":[{"embeddable":true,"href":"https:\/\/www.figeac-gite-compostelle.fr\/en\/wp-json\/wp\/v2\/comments?post=4947"}],"version-history":[{"count":3,"href":"https:\/\/www.figeac-gite-compostelle.fr\/en\/wp-json\/wp\/v2\/pages\/4947\/revisions"}],"predecessor-version":[{"id":4978,"href":"https:\/\/www.figeac-gite-compostelle.fr\/en\/wp-json\/wp\/v2\/pages\/4947\/revisions\/4978"}],"wp:attachment":[{"href":"https:\/\/www.figeac-gite-compostelle.fr\/en\/wp-json\/wp\/v2\/media?parent=4947"}],"curies":[{"name":"wp","href":"https:\/\/api.w.org\/{rel}","templated":true}]}}